{"id":7194,"date":"2023-07-18T12:58:00","date_gmt":"2023-07-18T15:58:00","guid":{"rendered":"http:\/\/wp-paris-paris.test\/?product=absolut-repair-lipidium-mask-250-ml"},"modified":"2025-11-06T12:52:46","modified_gmt":"2025-11-06T15:52:46","slug":"absolut-repair-lipidium-mask-250-ml","status":"publish","type":"product","link":"https:\/\/parisparis.movilizame.com.ar\/?product=absolut-repair-lipidium-mask-250-ml","title":{"rendered":"LOREAL &#8211; ABSOLUT REPAIR LIPIDIUM MASK 250 ML"},"content":{"rendered":"<p>La m\u00e1scara Absolut Repair ofrece la \u00faltima experiencia de la reparaci\u00f3n profunda profesional para el cabello da\u00f1ado y seco.<\/p>\n<p>Los resultados sedemuestran: recupera visiblemente el cabello da\u00f1ado que resulta en 77% *menos da\u00f1os en la superficie de la fibra.<\/p>\n<p>El pelo es manejable y m\u00e1s brillante despu\u00e9s de la rutina de tratamiento, incluyendo el shampooAbsolut Repair. La fibra se fortalece y es restaurada gracias a los potentes ingredientes de quinua y prote\u00ednas.<\/p>\n<p>Esta m\u00e1scara de lujo tiene una textura sedosa, que envuelve el cabello da\u00f1ado con cuidado sin dejar ning\u00fan residuo.<\/p>\n<p>Para un resultado \u00f3ptimo de reparaci\u00f3n contra el da\u00f1o,utilizar toda la rutina Absolut Repair. * Shampoo + M\u00e1scara Absolut&nbsp; Repair Beneficios Enriquecido con extracto de prote\u00edna de trigo y quinoa dorada, restaura el cabello muy da\u00f1ado al instante.<\/p>\n<p>Resultados: Cabello m\u00e1s brillante, suave, resistente, y menos da\u00f1ado. Textura sedosa y dorada. Tipo de Cabello Cabello Da\u00f1ado<\/p>\n","protected":false},"excerpt":{"rendered":"<p>La m\u00e1scara Absolut Repair ofrece la \u00faltima experiencia de la reparaci\u00f3n profunda profesional para el cabello da\u00f1ado y seco. Los&#8230;<\/p>\n","protected":false},"featured_media":7933,"comment_status":"open","ping_status":"closed","template":"","meta":[],"product_brand":[1430],"product_cat":[],"product_tag":[],"class_list":{"0":"post-7194","1":"product","2":"type-product","3":"status-publish","4":"has-post-thumbnail","6":"product_brand-loreal","8":"first","9":"instock","10":"shipping-taxable","11":"purchasable","12":"product-type-simple"},"_links":{"self":[{"href":"https:\/\/parisparis.movilizame.com.ar\/index.php?rest_route=\/wp\/v2\/product\/7194","targetHints":{"allow":["GET"]}}],"collection":[{"href":"https:\/\/parisparis.movilizame.com.ar\/index.php?rest_route=\/wp\/v2\/product"}],"about":[{"href":"https:\/\/parisparis.movilizame.com.ar\/index.php?rest_route=\/wp\/v2\/types\/product"}],"replies":[{"embeddable":true,"href":"https:\/\/parisparis.movilizame.com.ar\/index.php?rest_route=%2Fwp%2Fv2%2Fcomments&post=7194"}],"wp:featuredmedia":[{"embeddable":true,"href":"https:\/\/parisparis.movilizame.com.ar\/index.php?rest_route=\/wp\/v2\/media\/7933"}],"wp:attachment":[{"href":"https:\/\/parisparis.movilizame.com.ar\/index.php?rest_route=%2Fwp%2Fv2%2Fmedia&parent=7194"}],"wp:term":[{"taxonomy":"product_brand","embeddable":true,"href":"https:\/\/parisparis.movilizame.com.ar\/index.php?rest_route=%2Fwp%2Fv2%2Fproduct_brand&post=7194"},{"taxonomy":"product_cat","embeddable":true,"href":"https:\/\/parisparis.movilizame.com.ar\/index.php?rest_route=%2Fwp%2Fv2%2Fproduct_cat&post=7194"},{"taxonomy":"product_tag","embeddable":true,"href":"https:\/\/parisparis.movilizame.com.ar\/index.php?rest_route=%2Fwp%2Fv2%2Fproduct_tag&post=7194"}],"curies":[{"name":"wp","href":"https:\/\/api.w.org\/{rel}","templated":true}]}}