{"id":7190,"date":"2023-06-29T14:57:32","date_gmt":"2023-06-29T17:57:32","guid":{"rendered":"http:\/\/wp-paris-paris.test\/?product=brillo-labial-gloss-voluminizador-759-spiced-nude"},"modified":"2025-11-06T12:53:17","modified_gmt":"2025-11-06T15:53:17","slug":"brillo-labial-gloss-voluminizador-759-spiced-nude","status":"publish","type":"product","link":"https:\/\/parisparis.movilizame.com.ar\/?product=brillo-labial-gloss-voluminizador-759-spiced-nude","title":{"rendered":"RIMMEL &#8211; BRILLO LABIAL GLOSS VOLUMINIZADOR 759 SPICED NUDE"},"content":{"rendered":"<h1>OH MY GLOSS! PLUMP<\/h1>\n<p>El brillo de labios Oh My Gloss! Plump es un labial l\u00edquido que voluminiza tus labios, es de larga duraci\u00f3n, tiene brillo tridimensional y color que dura hasta 6 horas. Su f\u00f3rmula ligera se desliza sobre los labios y se siente c\u00f3modo para usar todo el d\u00eda, gracias a una mezcla de ingredientes acondicionadores, como la Vitamina E y el aceite de Arg\u00e1n.<\/p>\n<h2>\u00bfC\u00f3mo Se Usa?<\/h2>\n<p><strong>Paso 1:&nbsp;<\/strong>Si buscas un efecto de color m\u00e1s fuerte, primero deline\u00e1 y rellen\u00e1 tus labios con un delineador de labios.<\/p>\n<p><strong>Paso 2:&nbsp;<\/strong>Comenzando desde el centro de tus labios, aplica el tono elegido y difumin\u00e1 hacia afuera en el arco de cupido y las comisuras de la boca.<\/p>\n<p>759 Spiced Nude<\/p>\n","protected":false},"excerpt":{"rendered":"<p>OH MY GLOSS! PLUMP El brillo de labios Oh My Gloss! Plump es un labial l\u00edquido que voluminiza tus labios,&#8230;<\/p>\n","protected":false},"featured_media":7930,"comment_status":"open","ping_status":"closed","template":"","meta":[],"product_brand":[1436],"product_cat":[],"product_tag":[],"class_list":{"0":"post-7190","1":"product","2":"type-product","3":"status-publish","4":"has-post-thumbnail","6":"product_brand-rimmel","8":"first","9":"instock","10":"shipping-taxable","11":"purchasable","12":"product-type-simple"},"_links":{"self":[{"href":"https:\/\/parisparis.movilizame.com.ar\/index.php?rest_route=\/wp\/v2\/product\/7190","targetHints":{"allow":["GET"]}}],"collection":[{"href":"https:\/\/parisparis.movilizame.com.ar\/index.php?rest_route=\/wp\/v2\/product"}],"about":[{"href":"https:\/\/parisparis.movilizame.com.ar\/index.php?rest_route=\/wp\/v2\/types\/product"}],"replies":[{"embeddable":true,"href":"https:\/\/parisparis.movilizame.com.ar\/index.php?rest_route=%2Fwp%2Fv2%2Fcomments&post=7190"}],"wp:featuredmedia":[{"embeddable":true,"href":"https:\/\/parisparis.movilizame.com.ar\/index.php?rest_route=\/wp\/v2\/media\/7930"}],"wp:attachment":[{"href":"https:\/\/parisparis.movilizame.com.ar\/index.php?rest_route=%2Fwp%2Fv2%2Fmedia&parent=7190"}],"wp:term":[{"taxonomy":"product_brand","embeddable":true,"href":"https:\/\/parisparis.movilizame.com.ar\/index.php?rest_route=%2Fwp%2Fv2%2Fproduct_brand&post=7190"},{"taxonomy":"product_cat","embeddable":true,"href":"https:\/\/parisparis.movilizame.com.ar\/index.php?rest_route=%2Fwp%2Fv2%2Fproduct_cat&post=7190"},{"taxonomy":"product_tag","embeddable":true,"href":"https:\/\/parisparis.movilizame.com.ar\/index.php?rest_route=%2Fwp%2Fv2%2Fproduct_tag&post=7190"}],"curies":[{"name":"wp","href":"https:\/\/api.w.org\/{rel}","templated":true}]}}