{"id":7182,"date":"2023-06-29T10:05:06","date_gmt":"2023-06-29T13:05:06","guid":{"rendered":"http:\/\/wp-paris-paris.test\/?product=labial-liquido-intrasnferible-210-pinkcase-of-emergency"},"modified":"2025-10-23T19:11:18","modified_gmt":"2025-10-23T22:11:18","slug":"labial-liquido-intrasnferible-210-pinkcase-of-emergency","status":"publish","type":"product","link":"https:\/\/parisparis.movilizame.com.ar\/?product=labial-liquido-intrasnferible-210-pinkcase-of-emergency","title":{"rendered":"RIMMEL &#8211; PROVOCALIPS LABIAL LIQUIDO INTRASNFERIBLE 210 PINKCASE OF EMERGENCY"},"content":{"rendered":"<h1>PROVOCALIPS<\/h1>\n<p>Lasting Provocalips es un labial l\u00edquido de 2 pasos para un color y una hidrataci\u00f3n de alto impacto. Proporciona color, brillo e hidrataci\u00f3n. Es intransferible y dura hasta por 16 horas. La aplicaci\u00f3n de 2 pasos comienza con un l\u00edquido de color intenso, seguido de una capa final de b\u00e1lsamo hidratante para mantener el maquillaje en su lugar. C\u00f3modo en tus labios, no se apelmaza, no se descascar\u00e1 ni se seca. Aplicaci\u00f3n suave, sin complicaciones y precisa. COMO SE USA PASO 1: Aplic\u00e1 el color de alto impacto sobre tus labios. PASO 2: Sell\u00e1 el color con el b\u00e1lsamo hidratante para una larga duraci\u00f3n.<\/p>\n<p>&nbsp;<\/p>\n<p>&nbsp;<\/p>\n","protected":false},"excerpt":{"rendered":"<p>PROVOCALIPS Lasting Provocalips es un labial l\u00edquido de 2 pasos para un color y una hidrataci\u00f3n de alto impacto. Proporciona&#8230;<\/p>\n","protected":false},"featured_media":7922,"comment_status":"open","ping_status":"closed","template":"","meta":[],"product_brand":[1436],"product_cat":[],"product_tag":[],"class_list":{"0":"post-7182","1":"product","2":"type-product","3":"status-publish","4":"has-post-thumbnail","6":"product_brand-rimmel","8":"first","9":"instock","10":"shipping-taxable","11":"purchasable","12":"product-type-simple"},"_links":{"self":[{"href":"https:\/\/parisparis.movilizame.com.ar\/index.php?rest_route=\/wp\/v2\/product\/7182","targetHints":{"allow":["GET"]}}],"collection":[{"href":"https:\/\/parisparis.movilizame.com.ar\/index.php?rest_route=\/wp\/v2\/product"}],"about":[{"href":"https:\/\/parisparis.movilizame.com.ar\/index.php?rest_route=\/wp\/v2\/types\/product"}],"replies":[{"embeddable":true,"href":"https:\/\/parisparis.movilizame.com.ar\/index.php?rest_route=%2Fwp%2Fv2%2Fcomments&post=7182"}],"wp:featuredmedia":[{"embeddable":true,"href":"https:\/\/parisparis.movilizame.com.ar\/index.php?rest_route=\/wp\/v2\/media\/7922"}],"wp:attachment":[{"href":"https:\/\/parisparis.movilizame.com.ar\/index.php?rest_route=%2Fwp%2Fv2%2Fmedia&parent=7182"}],"wp:term":[{"taxonomy":"product_brand","embeddable":true,"href":"https:\/\/parisparis.movilizame.com.ar\/index.php?rest_route=%2Fwp%2Fv2%2Fproduct_brand&post=7182"},{"taxonomy":"product_cat","embeddable":true,"href":"https:\/\/parisparis.movilizame.com.ar\/index.php?rest_route=%2Fwp%2Fv2%2Fproduct_cat&post=7182"},{"taxonomy":"product_tag","embeddable":true,"href":"https:\/\/parisparis.movilizame.com.ar\/index.php?rest_route=%2Fwp%2Fv2%2Fproduct_tag&post=7182"}],"curies":[{"name":"wp","href":"https:\/\/api.w.org\/{rel}","templated":true}]}}