{"id":7178,"date":"2023-06-02T14:37:44","date_gmt":"2023-06-02T17:37:44","guid":{"rendered":"http:\/\/wp-paris-paris.test\/?product=esmalte-revlon-ultra-hd-snap"},"modified":"2025-10-23T19:13:02","modified_gmt":"2025-10-23T22:13:02","slug":"esmalte-revlon-ultra-hd-snap","status":"publish","type":"product","link":"https:\/\/parisparis.movilizame.com.ar\/?product=esmalte-revlon-ultra-hd-snap","title":{"rendered":"REVLON &#8211; ESMALTE Ultra HD Snap"},"content":{"rendered":"<p>ESMALTES SECADO RAPIDO, LARGA DURACION, VEGANO<\/p>\n<p>20 FREE: M\u00e1s del 78% de ingredientes de origen natural. Brinda un color intenso en tan solo una pasada. No se necesita aplicar dos capas de esmalte. F\u00e1cil aplicaci\u00f3n | Secado r\u00e1pido. Acabado ultrabrillante y de alta definici\u00f3n..CONSULTAR TONOS DISPONIBLES<\/p>\n","protected":false},"excerpt":{"rendered":"<p>ESMALTES SECADO RAPIDO, LARGA DURACION, VEGANO 20 FREE: M\u00e1s del 78% de ingredientes de origen natural. Brinda un color intenso&#8230;<\/p>\n","protected":false},"featured_media":7918,"comment_status":"open","ping_status":"closed","template":"","meta":[],"product_brand":[1428],"product_cat":[],"product_tag":[],"class_list":{"0":"post-7178","1":"product","2":"type-product","3":"status-publish","4":"has-post-thumbnail","6":"product_brand-revlon","8":"first","9":"instock","10":"shipping-taxable","11":"purchasable","12":"product-type-simple"},"_links":{"self":[{"href":"https:\/\/parisparis.movilizame.com.ar\/index.php?rest_route=\/wp\/v2\/product\/7178","targetHints":{"allow":["GET"]}}],"collection":[{"href":"https:\/\/parisparis.movilizame.com.ar\/index.php?rest_route=\/wp\/v2\/product"}],"about":[{"href":"https:\/\/parisparis.movilizame.com.ar\/index.php?rest_route=\/wp\/v2\/types\/product"}],"replies":[{"embeddable":true,"href":"https:\/\/parisparis.movilizame.com.ar\/index.php?rest_route=%2Fwp%2Fv2%2Fcomments&post=7178"}],"wp:featuredmedia":[{"embeddable":true,"href":"https:\/\/parisparis.movilizame.com.ar\/index.php?rest_route=\/wp\/v2\/media\/7918"}],"wp:attachment":[{"href":"https:\/\/parisparis.movilizame.com.ar\/index.php?rest_route=%2Fwp%2Fv2%2Fmedia&parent=7178"}],"wp:term":[{"taxonomy":"product_brand","embeddable":true,"href":"https:\/\/parisparis.movilizame.com.ar\/index.php?rest_route=%2Fwp%2Fv2%2Fproduct_brand&post=7178"},{"taxonomy":"product_cat","embeddable":true,"href":"https:\/\/parisparis.movilizame.com.ar\/index.php?rest_route=%2Fwp%2Fv2%2Fproduct_cat&post=7178"},{"taxonomy":"product_tag","embeddable":true,"href":"https:\/\/parisparis.movilizame.com.ar\/index.php?rest_route=%2Fwp%2Fv2%2Fproduct_tag&post=7178"}],"curies":[{"name":"wp","href":"https:\/\/api.w.org\/{rel}","templated":true}]}}