{"id":7174,"date":"2023-05-18T13:25:25","date_gmt":"2023-05-18T16:25:25","guid":{"rendered":"http:\/\/wp-paris-paris.test\/?product=revlon-jade-stone-rodillo-facial"},"modified":"2025-10-23T19:15:59","modified_gmt":"2025-10-23T22:15:59","slug":"revlon-jade-stone-rodillo-facial","status":"publish","type":"product","link":"https:\/\/parisparis.movilizame.com.ar\/?product=revlon-jade-stone-rodillo-facial","title":{"rendered":"REVLON &#8211; JADE STONE RODILLO FACIAL"},"content":{"rendered":"<p>Hecho de jade real, este rodillo facial se desliza sobre la piel, disminuyendo la hinchaz\u00f3n y estimulando la circulaci\u00f3n para un efecto m\u00e1s brillante y suavizante<\/p>\n<p>&nbsp;<\/p>\n<p>Beneficios:<\/p>\n<p>&#8211; El brillante y lujoso rodillo facial de jade se desliza sobre los contornos de tu rostro para un mini masaje que acelera la circulaci\u00f3n, reduce la hinchaz\u00f3n y te hace brillar. &#8211; Gu\u00e1rdelo en el refrigerador para obtener un efecto refrescante que anima la tez cansada, o cali\u00e9ntelo con agua tibia para eliminar el estr\u00e9s.<\/p>\n<p>&#8211; Hecho de piedra de jade real<\/p>\n<p>&#8211; Apto para todo tipo de piel&nbsp;<\/p>\n<p>&nbsp;<\/p>\n<p>Modo de Uso:<\/p>\n<p>Para la parte inferior de los ojos, use el extremo m\u00e1s peque\u00f1o del rodillo para moverse hacia afuera y hacia arriba, nuevamente hacia las sienes. &#8211; En tu frente, rueda horizontalmente con el rodillo m\u00e1s grande, desde el centro hacia afuera y hacia arriba, hacia la l\u00ednea del cabello. &#8211; Para obtener los mejores resultados, util\u00edcelo diariamente como parte de un ritual de 5 minutos<\/p>\n","protected":false},"excerpt":{"rendered":"<p>Hecho de jade real, este rodillo facial se desliza sobre la piel, disminuyendo la hinchaz\u00f3n y estimulando la circulaci\u00f3n para&#8230;<\/p>\n","protected":false},"featured_media":7915,"comment_status":"open","ping_status":"closed","template":"","meta":[],"product_brand":[1428],"product_cat":[],"product_tag":[],"class_list":{"0":"post-7174","1":"product","2":"type-product","3":"status-publish","4":"has-post-thumbnail","6":"product_brand-revlon","8":"first","9":"instock","10":"shipping-taxable","11":"purchasable","12":"product-type-simple"},"_links":{"self":[{"href":"https:\/\/parisparis.movilizame.com.ar\/index.php?rest_route=\/wp\/v2\/product\/7174","targetHints":{"allow":["GET"]}}],"collection":[{"href":"https:\/\/parisparis.movilizame.com.ar\/index.php?rest_route=\/wp\/v2\/product"}],"about":[{"href":"https:\/\/parisparis.movilizame.com.ar\/index.php?rest_route=\/wp\/v2\/types\/product"}],"replies":[{"embeddable":true,"href":"https:\/\/parisparis.movilizame.com.ar\/index.php?rest_route=%2Fwp%2Fv2%2Fcomments&post=7174"}],"wp:featuredmedia":[{"embeddable":true,"href":"https:\/\/parisparis.movilizame.com.ar\/index.php?rest_route=\/wp\/v2\/media\/7915"}],"wp:attachment":[{"href":"https:\/\/parisparis.movilizame.com.ar\/index.php?rest_route=%2Fwp%2Fv2%2Fmedia&parent=7174"}],"wp:term":[{"taxonomy":"product_brand","embeddable":true,"href":"https:\/\/parisparis.movilizame.com.ar\/index.php?rest_route=%2Fwp%2Fv2%2Fproduct_brand&post=7174"},{"taxonomy":"product_cat","embeddable":true,"href":"https:\/\/parisparis.movilizame.com.ar\/index.php?rest_route=%2Fwp%2Fv2%2Fproduct_cat&post=7174"},{"taxonomy":"product_tag","embeddable":true,"href":"https:\/\/parisparis.movilizame.com.ar\/index.php?rest_route=%2Fwp%2Fv2%2Fproduct_tag&post=7174"}],"curies":[{"name":"wp","href":"https:\/\/api.w.org\/{rel}","templated":true}]}}