{"id":7173,"date":"2023-05-18T13:15:26","date_gmt":"2023-05-18T16:15:26","guid":{"rendered":"http:\/\/wp-paris-paris.test\/?product=revlon-skinlights-powder-bronzer"},"modified":"2025-10-23T19:16:15","modified_gmt":"2025-10-23T22:16:15","slug":"revlon-skinlights-powder-bronzer","status":"publish","type":"product","link":"https:\/\/parisparis.movilizame.com.ar\/?product=revlon-skinlights-powder-bronzer","title":{"rendered":"REVLON &#8211; Skinlights Powder Bronzer"},"content":{"rendered":"<p>Polvo bronceador para rostro que contiene pigmentos s\u00faper refinados para un lograr brillo veraniego de aspecto natural con un acabado semi-mate. Su f\u00f3rmula contiene Aceite de Ma\u00edz, extracto de Rosa Silvestre y extracto de Ginkgo Biloba. Incluye esponja y espejo para facilitar su uso en cualquier lugar<\/p>\n","protected":false},"excerpt":{"rendered":"<p>Polvo bronceador para rostro que contiene pigmentos s\u00faper refinados para un lograr brillo veraniego de aspecto natural con un acabado&#8230;<\/p>\n","protected":false},"featured_media":0,"comment_status":"open","ping_status":"closed","template":"","meta":[],"product_brand":[1428],"product_cat":[],"product_tag":[],"class_list":{"0":"post-7173","1":"product","2":"type-product","3":"status-publish","5":"product_brand-revlon","7":"first","8":"instock","9":"shipping-taxable","10":"purchasable","11":"product-type-simple"},"_links":{"self":[{"href":"https:\/\/parisparis.movilizame.com.ar\/index.php?rest_route=\/wp\/v2\/product\/7173","targetHints":{"allow":["GET"]}}],"collection":[{"href":"https:\/\/parisparis.movilizame.com.ar\/index.php?rest_route=\/wp\/v2\/product"}],"about":[{"href":"https:\/\/parisparis.movilizame.com.ar\/index.php?rest_route=\/wp\/v2\/types\/product"}],"replies":[{"embeddable":true,"href":"https:\/\/parisparis.movilizame.com.ar\/index.php?rest_route=%2Fwp%2Fv2%2Fcomments&post=7173"}],"wp:attachment":[{"href":"https:\/\/parisparis.movilizame.com.ar\/index.php?rest_route=%2Fwp%2Fv2%2Fmedia&parent=7173"}],"wp:term":[{"taxonomy":"product_brand","embeddable":true,"href":"https:\/\/parisparis.movilizame.com.ar\/index.php?rest_route=%2Fwp%2Fv2%2Fproduct_brand&post=7173"},{"taxonomy":"product_cat","embeddable":true,"href":"https:\/\/parisparis.movilizame.com.ar\/index.php?rest_route=%2Fwp%2Fv2%2Fproduct_cat&post=7173"},{"taxonomy":"product_tag","embeddable":true,"href":"https:\/\/parisparis.movilizame.com.ar\/index.php?rest_route=%2Fwp%2Fv2%2Fproduct_tag&post=7173"}],"curies":[{"name":"wp","href":"https:\/\/api.w.org\/{rel}","templated":true}]}}