{"id":7172,"date":"2023-05-08T22:29:52","date_gmt":"2023-05-09T01:29:52","guid":{"rendered":"http:\/\/wp-paris-paris.test\/?product=carolina-herrera-bad-boy-edt-150-ml-x-150-ml"},"modified":"2026-03-02T12:45:38","modified_gmt":"2026-03-02T15:45:38","slug":"carolina-herrera-bad-boy-edt-150-ml-x-150-ml","status":"publish","type":"product","link":"https:\/\/parisparis.movilizame.com.ar\/?product=carolina-herrera-bad-boy-edt-150-ml-x-150-ml","title":{"rendered":"CAROLINA HERRERA &#8211; BAD BOY MEN EDT"},"content":{"rendered":"<p><strong>Bad Boy<\/strong>\u00a0de\u00a0<strong>Carolina Herrera<\/strong>\u00a0es una fragancia de la familia olfativa Oriental Especiada para Hombres.<\/p>\n<p>Carolina Herrera ha logrado representar una\u00a0<strong>fragancia que realza la masculinidad de forma sutil y elegante con su perfume Bad Boy.<\/strong><\/p>\n<p><strong>Bad Boy by Carolina Herrera<\/strong>\u00a0es un perfume novedoso,\u00a0<strong>Carolina Herrera<\/strong>\u00a0tuvo la intenci\u00f3n de mostrar esa visi\u00f3n contempor\u00e1nea de un hombre moderno, uno que se describe tanto fuerte e impulsivo como delicado y vulnerable a la vez, con una seguridad en s\u00ed mismo que resulta m\u00e1s que atrayente.<\/p>\n<h2>Notas olfativas de Bad Boy de Carolina Herrera para hombres<\/h2>\n<p>la fragancia\u00a0<strong>Bad Boy by Carolina Herreraes<\/strong>\u00a0una\u00a0<strong>mezcla exquisita de aromas orientales<\/strong>, que siendo intensos no dejan de ser delicados y elegantes, resultando en un equilibrio arm\u00f3nico de esencias para el olfato.<\/p>\n<h3>Notas de salida<\/h3>\n<p>Sus\u00a0<strong>notas de salida<\/strong>\u00a0se caracterizan por ser\u00a0<strong>c\u00edtricas y especiadas<\/strong>\u00a0por causa de la presencia de\u00a0<strong>pomelo y pimienta blanca.<\/strong><\/p>\n<h3>Notas de coraz\u00f3n<\/h3>\n<p>Luego, de forma cautivante, llegan esas\u00a0<strong>notas de coraz\u00f3n<\/strong>\u00a0con\u00a0<strong>Vetiver y salvia esclarea<\/strong>.<\/p>\n<h3>Notas de fondo<\/h3>\n<p>Para concluir con unas\u00a0<strong>notas de fondo<\/strong>\u00a0que resaltan con\u00a0<strong>Haba tonka y cacao<\/strong>.<\/p>\n<h2>Acordes principales<\/h2>\n<p>Los acordes principales<strong>\u00a0se destacan por ser frescos y dotar a la fragancia de toques c\u00edtricos, c\u00e1lidos, especiados, arom\u00e1ticos y ciertas notas con olor a cacao<\/strong>\u00a0que resultan en una combinaci\u00f3n magnifica para seducir a los sentidos.<\/p>\n<h2>Longevidad<\/h2>\n<p>Bad Boy es una fragancia duradera,\u00a0un atributo sencillamente maravilloso.<\/p>\n<p>&nbsp;<\/p>\n","protected":false},"excerpt":{"rendered":"<p>Bad Boy\u00a0de\u00a0Carolina Herrera\u00a0es una fragancia de la familia olfativa Oriental Especiada para Hombres. Carolina Herrera ha logrado representar una\u00a0fragancia que&#8230;<\/p>\n","protected":false},"featured_media":7914,"comment_status":"open","ping_status":"closed","template":"","meta":[],"product_brand":[1406],"product_cat":[],"product_tag":[],"class_list":{"0":"post-7172","1":"product","2":"type-product","3":"status-publish","4":"has-post-thumbnail","6":"product_brand-carolina-herrera","8":"first","9":"outofstock","10":"shipping-taxable","11":"purchasable","12":"product-type-variable"},"_links":{"self":[{"href":"https:\/\/parisparis.movilizame.com.ar\/index.php?rest_route=\/wp\/v2\/product\/7172","targetHints":{"allow":["GET"]}}],"collection":[{"href":"https:\/\/parisparis.movilizame.com.ar\/index.php?rest_route=\/wp\/v2\/product"}],"about":[{"href":"https:\/\/parisparis.movilizame.com.ar\/index.php?rest_route=\/wp\/v2\/types\/product"}],"replies":[{"embeddable":true,"href":"https:\/\/parisparis.movilizame.com.ar\/index.php?rest_route=%2Fwp%2Fv2%2Fcomments&post=7172"}],"wp:featuredmedia":[{"embeddable":true,"href":"https:\/\/parisparis.movilizame.com.ar\/index.php?rest_route=\/wp\/v2\/media\/7914"}],"wp:attachment":[{"href":"https:\/\/parisparis.movilizame.com.ar\/index.php?rest_route=%2Fwp%2Fv2%2Fmedia&parent=7172"}],"wp:term":[{"taxonomy":"product_brand","embeddable":true,"href":"https:\/\/parisparis.movilizame.com.ar\/index.php?rest_route=%2Fwp%2Fv2%2Fproduct_brand&post=7172"},{"taxonomy":"product_cat","embeddable":true,"href":"https:\/\/parisparis.movilizame.com.ar\/index.php?rest_route=%2Fwp%2Fv2%2Fproduct_cat&post=7172"},{"taxonomy":"product_tag","embeddable":true,"href":"https:\/\/parisparis.movilizame.com.ar\/index.php?rest_route=%2Fwp%2Fv2%2Fproduct_tag&post=7172"}],"curies":[{"name":"wp","href":"https:\/\/api.w.org\/{rel}","templated":true}]}}