{"id":7170,"date":"2023-04-29T15:18:01","date_gmt":"2023-04-29T18:18:01","guid":{"rendered":"http:\/\/wp-paris-paris.test\/?product=viree-en-men-collection-azur-edp-x-100-ml"},"modified":"2025-11-17T19:49:22","modified_gmt":"2025-11-17T22:49:22","slug":"viree-en-men-collection-azur-edp-x-100-ml","status":"publish","type":"product","link":"https:\/\/parisparis.movilizame.com.ar\/?product=viree-en-men-collection-azur-edp-x-100-ml","title":{"rendered":"JEANNE ARTHES \u2013 VIREE EN MER COLLECTION AZUR EDP 100 ML"},"content":{"rendered":"<p><strong>Collection Azur Vir\u00e9e en Mer<\/strong>\u00a0de\u00a0<strong>Jeanne Arthes<\/strong><\/p>\n<p>Este Eau de Parfum glorifica la naturaleza al ofrecer un escape mediterr\u00e1neo soleado y mezcla notas marinas y acu\u00e1ticas con notas c\u00e1lidas y solares, para un viaje que es tan ex\u00f3tico como refrescante.<\/p>\n<p>Notas de salida: c\u00e1scara de lim\u00f3n (c\u00e1scara de lima), lirio de los valles (muguete) y flor del duraznero (flor del melocotonero)<\/p>\n<p>Notas de Coraz\u00f3n: flor de tiar\u00e9, flor de azahar del naranjo y notas marinas<\/p>\n<p>Notas de Fondo: cedro, notas solares, madera de \u00e1mbar y almizcle.<\/p>\n","protected":false},"excerpt":{"rendered":"<p>Collection Azur Vir\u00e9e en Mer\u00a0de\u00a0Jeanne Arthes Este Eau de Parfum glorifica la naturaleza al ofrecer un escape mediterr\u00e1neo soleado y&#8230;<\/p>\n","protected":false},"featured_media":7912,"comment_status":"open","ping_status":"closed","template":"","meta":[],"product_brand":[1417],"product_cat":[],"product_tag":[],"class_list":{"0":"post-7170","1":"product","2":"type-product","3":"status-publish","4":"has-post-thumbnail","6":"product_brand-jeanne-arthes","8":"first","9":"instock","10":"shipping-taxable","11":"purchasable","12":"product-type-simple"},"_links":{"self":[{"href":"https:\/\/parisparis.movilizame.com.ar\/index.php?rest_route=\/wp\/v2\/product\/7170","targetHints":{"allow":["GET"]}}],"collection":[{"href":"https:\/\/parisparis.movilizame.com.ar\/index.php?rest_route=\/wp\/v2\/product"}],"about":[{"href":"https:\/\/parisparis.movilizame.com.ar\/index.php?rest_route=\/wp\/v2\/types\/product"}],"replies":[{"embeddable":true,"href":"https:\/\/parisparis.movilizame.com.ar\/index.php?rest_route=%2Fwp%2Fv2%2Fcomments&post=7170"}],"wp:featuredmedia":[{"embeddable":true,"href":"https:\/\/parisparis.movilizame.com.ar\/index.php?rest_route=\/wp\/v2\/media\/7912"}],"wp:attachment":[{"href":"https:\/\/parisparis.movilizame.com.ar\/index.php?rest_route=%2Fwp%2Fv2%2Fmedia&parent=7170"}],"wp:term":[{"taxonomy":"product_brand","embeddable":true,"href":"https:\/\/parisparis.movilizame.com.ar\/index.php?rest_route=%2Fwp%2Fv2%2Fproduct_brand&post=7170"},{"taxonomy":"product_cat","embeddable":true,"href":"https:\/\/parisparis.movilizame.com.ar\/index.php?rest_route=%2Fwp%2Fv2%2Fproduct_cat&post=7170"},{"taxonomy":"product_tag","embeddable":true,"href":"https:\/\/parisparis.movilizame.com.ar\/index.php?rest_route=%2Fwp%2Fv2%2Fproduct_tag&post=7170"}],"curies":[{"name":"wp","href":"https:\/\/api.w.org\/{rel}","templated":true}]}}