{"id":7164,"date":"2023-03-27T21:05:18","date_gmt":"2023-03-28T00:05:18","guid":{"rendered":"http:\/\/wp-paris-paris.test\/?product=labial-velvet-lipstick-idraet-pro-makeup"},"modified":"2025-10-23T19:18:33","modified_gmt":"2025-10-23T22:18:33","slug":"labial-velvet-lipstick-idraet-pro-makeup","status":"publish","type":"product","link":"https:\/\/parisparis.movilizame.com.ar\/?product=labial-velvet-lipstick-idraet-pro-makeup","title":{"rendered":"IDRAET &#8211; LABIAL VELVET LIPSTICK PRO MAKEUP"},"content":{"rendered":"<h1>Velvet Lipstick<\/h1>\n<h3>Terminaci\u00f3n Aterciopelada &amp; Mate<\/h3>\n<p>Labiales en barra de alta pigmentaci\u00f3n y saturaci\u00f3n. Su f\u00f3rmula posee activos que brindan efecto voluminoso, desliza suavemente sobre los labios aportando hidrataci\u00f3n y suavidad a los mismos.<\/p>\n","protected":false},"excerpt":{"rendered":"<p>Velvet Lipstick Terminaci\u00f3n Aterciopelada &amp; Mate Labiales en barra de alta pigmentaci\u00f3n y saturaci\u00f3n. Su f\u00f3rmula posee activos que brindan&#8230;<\/p>\n","protected":false},"featured_media":7909,"comment_status":"open","ping_status":"closed","template":"","meta":[],"product_brand":[1467],"product_cat":[],"product_tag":[],"class_list":{"0":"post-7164","1":"product","2":"type-product","3":"status-publish","4":"has-post-thumbnail","6":"product_brand-idraet","8":"first","9":"instock","10":"shipping-taxable","11":"purchasable","12":"product-type-simple"},"_links":{"self":[{"href":"https:\/\/parisparis.movilizame.com.ar\/index.php?rest_route=\/wp\/v2\/product\/7164","targetHints":{"allow":["GET"]}}],"collection":[{"href":"https:\/\/parisparis.movilizame.com.ar\/index.php?rest_route=\/wp\/v2\/product"}],"about":[{"href":"https:\/\/parisparis.movilizame.com.ar\/index.php?rest_route=\/wp\/v2\/types\/product"}],"replies":[{"embeddable":true,"href":"https:\/\/parisparis.movilizame.com.ar\/index.php?rest_route=%2Fwp%2Fv2%2Fcomments&post=7164"}],"wp:featuredmedia":[{"embeddable":true,"href":"https:\/\/parisparis.movilizame.com.ar\/index.php?rest_route=\/wp\/v2\/media\/7909"}],"wp:attachment":[{"href":"https:\/\/parisparis.movilizame.com.ar\/index.php?rest_route=%2Fwp%2Fv2%2Fmedia&parent=7164"}],"wp:term":[{"taxonomy":"product_brand","embeddable":true,"href":"https:\/\/parisparis.movilizame.com.ar\/index.php?rest_route=%2Fwp%2Fv2%2Fproduct_brand&post=7164"},{"taxonomy":"product_cat","embeddable":true,"href":"https:\/\/parisparis.movilizame.com.ar\/index.php?rest_route=%2Fwp%2Fv2%2Fproduct_cat&post=7164"},{"taxonomy":"product_tag","embeddable":true,"href":"https:\/\/parisparis.movilizame.com.ar\/index.php?rest_route=%2Fwp%2Fv2%2Fproduct_tag&post=7164"}],"curies":[{"name":"wp","href":"https:\/\/api.w.org\/{rel}","templated":true}]}}