{"id":7158,"date":"2023-02-01T20:52:43","date_gmt":"2023-02-01T23:52:43","guid":{"rendered":"http:\/\/wp-paris-paris.test\/?product=tangle-teezer-back-combing-hairbrush"},"modified":"2025-10-23T19:21:55","modified_gmt":"2025-10-23T22:21:55","slug":"tangle-teezer-back-combing-hairbrush","status":"publish","type":"product","link":"https:\/\/parisparis.movilizame.com.ar\/?product=tangle-teezer-back-combing-hairbrush","title":{"rendered":"TANGLE TEEZER &#8211;  Back-Combing Hairbrush"},"content":{"rendered":"<p>Nuestro cepillo para peinar hacia atr\u00e1s est\u00e1 dise\u00f1ado para el peinado diario en todos los tipos y longitudes de cabello, y ofrece altura, textura y volumen duradero con un da\u00f1o y rotura m\u00ednimos.\u00a0Los dientes \u00fanicos de dos niveles, con una mayor densidad de dientes en la base, hacen que el peinado hacia atr\u00e1s sea m\u00e1s r\u00e1pido, m\u00e1s f\u00e1cil y mucho m\u00e1s suave para el cabello.\u00a0Debido a su naturaleza suave, este cepillo para peinar la espalda es adecuado para todo tipo de cabello.<\/p>\n<p>Nuestros dientes patentados de dos niveles crean un GRAN volumen.\u00a0Una mayor densidad de dientes en la base penetra profundamente en el cabello compact\u00e1ndolo suavemente hacia las ra\u00edces, minimizando el da\u00f1o y facilitando el cepillado.<\/p>\n","protected":false},"excerpt":{"rendered":"<p>Nuestro cepillo para peinar hacia atr\u00e1s est\u00e1 dise\u00f1ado para el peinado diario en todos los tipos y longitudes de cabello,&#8230;<\/p>\n","protected":false},"featured_media":0,"comment_status":"open","ping_status":"closed","template":"","meta":[],"product_brand":[1461],"product_cat":[],"product_tag":[],"class_list":{"0":"post-7158","1":"product","2":"type-product","3":"status-publish","5":"product_brand-tangle-teezer","7":"first","8":"instock","9":"shipping-taxable","10":"purchasable","11":"product-type-simple"},"_links":{"self":[{"href":"https:\/\/parisparis.movilizame.com.ar\/index.php?rest_route=\/wp\/v2\/product\/7158","targetHints":{"allow":["GET"]}}],"collection":[{"href":"https:\/\/parisparis.movilizame.com.ar\/index.php?rest_route=\/wp\/v2\/product"}],"about":[{"href":"https:\/\/parisparis.movilizame.com.ar\/index.php?rest_route=\/wp\/v2\/types\/product"}],"replies":[{"embeddable":true,"href":"https:\/\/parisparis.movilizame.com.ar\/index.php?rest_route=%2Fwp%2Fv2%2Fcomments&post=7158"}],"wp:attachment":[{"href":"https:\/\/parisparis.movilizame.com.ar\/index.php?rest_route=%2Fwp%2Fv2%2Fmedia&parent=7158"}],"wp:term":[{"taxonomy":"product_brand","embeddable":true,"href":"https:\/\/parisparis.movilizame.com.ar\/index.php?rest_route=%2Fwp%2Fv2%2Fproduct_brand&post=7158"},{"taxonomy":"product_cat","embeddable":true,"href":"https:\/\/parisparis.movilizame.com.ar\/index.php?rest_route=%2Fwp%2Fv2%2Fproduct_cat&post=7158"},{"taxonomy":"product_tag","embeddable":true,"href":"https:\/\/parisparis.movilizame.com.ar\/index.php?rest_route=%2Fwp%2Fv2%2Fproduct_tag&post=7158"}],"curies":[{"name":"wp","href":"https:\/\/api.w.org\/{rel}","templated":true}]}}