{"id":7148,"date":"2023-01-06T18:39:31","date_gmt":"2023-01-06T21:39:31","guid":{"rendered":"http:\/\/wp-paris-paris.test\/?product=corrector-pro-hyaluron-alta-cobertura-2"},"modified":"2025-10-23T19:26:19","modified_gmt":"2025-10-23T22:26:19","slug":"corrector-pro-hyaluron-alta-cobertura-2","status":"publish","type":"product","link":"https:\/\/parisparis.movilizame.com.ar\/?product=corrector-pro-hyaluron-alta-cobertura-2","title":{"rendered":"IDRAET &#8211; CORRECTOR PRO HYALURON ALTA COBERTURA"},"content":{"rendered":"<p>&#8211; HIPOALERG\u00c9NICO<br \/>\n&#8211; LARGA DURACI\u00d3N<br \/>\n&#8211; A PRUEBA DE PLIEGUES<\/p>\n<p>Tonos disponibles:<\/p>\n<p>10 Natural<br \/>\n20 Beige<br \/>\n70 Peach<\/p>\n<p>BENEFICIOS<\/p>\n<p>\u00a6 Textura lujosa que se extiende perfectamente hasta fundirse en la piel.<br \/>\n\u00a6 Enriquecida con \u00e1cido hialur\u00f3nico, corrige imperfecciones, suaviza ojeras y unifica el tono a la vez que hidrata y disminuye las l\u00edneas finas.<br \/>\n\u00a6 ALTO NIVEL DE COBERTURA<\/p>\n","protected":false},"excerpt":{"rendered":"<p>&#8211; HIPOALERG\u00c9NICO &#8211; LARGA DURACI\u00d3N &#8211; A PRUEBA DE PLIEGUES Tonos disponibles: 10 Natural 20 Beige 70 Peach BENEFICIOS \u00a6&#8230;<\/p>\n","protected":false},"featured_media":7891,"comment_status":"open","ping_status":"closed","template":"","meta":[],"product_brand":[1467],"product_cat":[],"product_tag":[],"class_list":{"0":"post-7148","1":"product","2":"type-product","3":"status-publish","4":"has-post-thumbnail","6":"product_brand-idraet","8":"first","9":"instock","10":"shipping-taxable","11":"purchasable","12":"product-type-simple"},"_links":{"self":[{"href":"https:\/\/parisparis.movilizame.com.ar\/index.php?rest_route=\/wp\/v2\/product\/7148","targetHints":{"allow":["GET"]}}],"collection":[{"href":"https:\/\/parisparis.movilizame.com.ar\/index.php?rest_route=\/wp\/v2\/product"}],"about":[{"href":"https:\/\/parisparis.movilizame.com.ar\/index.php?rest_route=\/wp\/v2\/types\/product"}],"replies":[{"embeddable":true,"href":"https:\/\/parisparis.movilizame.com.ar\/index.php?rest_route=%2Fwp%2Fv2%2Fcomments&post=7148"}],"wp:featuredmedia":[{"embeddable":true,"href":"https:\/\/parisparis.movilizame.com.ar\/index.php?rest_route=\/wp\/v2\/media\/7891"}],"wp:attachment":[{"href":"https:\/\/parisparis.movilizame.com.ar\/index.php?rest_route=%2Fwp%2Fv2%2Fmedia&parent=7148"}],"wp:term":[{"taxonomy":"product_brand","embeddable":true,"href":"https:\/\/parisparis.movilizame.com.ar\/index.php?rest_route=%2Fwp%2Fv2%2Fproduct_brand&post=7148"},{"taxonomy":"product_cat","embeddable":true,"href":"https:\/\/parisparis.movilizame.com.ar\/index.php?rest_route=%2Fwp%2Fv2%2Fproduct_cat&post=7148"},{"taxonomy":"product_tag","embeddable":true,"href":"https:\/\/parisparis.movilizame.com.ar\/index.php?rest_route=%2Fwp%2Fv2%2Fproduct_tag&post=7148"}],"curies":[{"name":"wp","href":"https:\/\/api.w.org\/{rel}","templated":true}]}}