{"id":7141,"date":"2022-12-13T15:13:16","date_gmt":"2022-12-13T18:13:16","guid":{"rendered":"http:\/\/wp-paris-paris.test\/?product=dorothy-gray-hyaluronic-tan-serum-facial-autobronceante"},"modified":"2025-12-05T12:19:26","modified_gmt":"2025-12-05T15:19:26","slug":"dorothy-gray-hyaluronic-tan-serum-facial-autobronceante","status":"publish","type":"product","link":"https:\/\/parisparis.movilizame.com.ar\/?product=dorothy-gray-hyaluronic-tan-serum-facial-autobronceante","title":{"rendered":"DOROTHY GRAY- DG &#8211; HYALURONIC TAN SERUM FACIAL AUTOBRONCEANTE HIDRATANTE 30 GR"},"content":{"rendered":"<p>Para un bronceado natural\u00a0e hidratado.<\/p>\n<p>COMPONENTES:<\/p>\n<p>&#8211;\u00c1cido Hialur\u00f3nico, Aloe Vera y Vitamina E: Su acci\u00f3n genera un efecto de luminosidad e hidrataci\u00f3n radiante.<\/p>\n<p>Para todo tipo de piel,\u00a0hipoalerg\u00e9nico, libre de parabenos y no testeado en animales.<\/p>\n<p>MODO DE USO:<\/p>\n<p>Coloc\u00e1 8 gotas del Serum Facial Autobronceante en tu crema de d\u00eda.\u00a0Aplic\u00e1\u00a0la mezcla sobre el rostro, cuello y escote. El tono se intensifica si aument\u00e1s la cantidad de gotas de Serum.\u00a0Para un bronceado progresivo\u00a0mezcl\u00e1 entre 3 y\u00a06 gotas con tu crema de d\u00eda y aplicala a diario hasta lograr el tono deseado.<\/p>\n","protected":false},"excerpt":{"rendered":"<p>Para un bronceado natural\u00a0e hidratado. COMPONENTES: &#8211;\u00c1cido Hialur\u00f3nico, Aloe Vera y Vitamina E: Su acci\u00f3n genera un efecto de luminosidad&#8230;<\/p>\n","protected":false},"featured_media":8598,"comment_status":"open","ping_status":"closed","template":"","meta":[],"product_brand":[1433],"product_cat":[],"product_tag":[],"class_list":{"0":"post-7141","1":"product","2":"type-product","3":"status-publish","4":"has-post-thumbnail","6":"product_brand-dorothy-gray","8":"first","9":"instock","10":"shipping-taxable","11":"purchasable","12":"product-type-simple"},"_links":{"self":[{"href":"https:\/\/parisparis.movilizame.com.ar\/index.php?rest_route=\/wp\/v2\/product\/7141","targetHints":{"allow":["GET"]}}],"collection":[{"href":"https:\/\/parisparis.movilizame.com.ar\/index.php?rest_route=\/wp\/v2\/product"}],"about":[{"href":"https:\/\/parisparis.movilizame.com.ar\/index.php?rest_route=\/wp\/v2\/types\/product"}],"replies":[{"embeddable":true,"href":"https:\/\/parisparis.movilizame.com.ar\/index.php?rest_route=%2Fwp%2Fv2%2Fcomments&post=7141"}],"wp:featuredmedia":[{"embeddable":true,"href":"https:\/\/parisparis.movilizame.com.ar\/index.php?rest_route=\/wp\/v2\/media\/8598"}],"wp:attachment":[{"href":"https:\/\/parisparis.movilizame.com.ar\/index.php?rest_route=%2Fwp%2Fv2%2Fmedia&parent=7141"}],"wp:term":[{"taxonomy":"product_brand","embeddable":true,"href":"https:\/\/parisparis.movilizame.com.ar\/index.php?rest_route=%2Fwp%2Fv2%2Fproduct_brand&post=7141"},{"taxonomy":"product_cat","embeddable":true,"href":"https:\/\/parisparis.movilizame.com.ar\/index.php?rest_route=%2Fwp%2Fv2%2Fproduct_cat&post=7141"},{"taxonomy":"product_tag","embeddable":true,"href":"https:\/\/parisparis.movilizame.com.ar\/index.php?rest_route=%2Fwp%2Fv2%2Fproduct_tag&post=7141"}],"curies":[{"name":"wp","href":"https:\/\/api.w.org\/{rel}","templated":true}]}}