{"id":7140,"date":"2022-12-13T13:55:40","date_gmt":"2022-12-13T16:55:40","guid":{"rendered":"http:\/\/wp-paris-paris.test\/?product=marchand-daromes-liberte-cherie-edp-x-100ml"},"modified":"2025-11-08T10:02:07","modified_gmt":"2025-11-08T13:02:07","slug":"marchand-daromes-liberte-cherie-edp-x-100ml","status":"publish","type":"product","link":"https:\/\/parisparis.movilizame.com.ar\/?product=marchand-daromes-liberte-cherie-edp-x-100ml","title":{"rendered":"MARCHAND DE AROMES &#8211; LIBERTE CHERIE EDP 100ML"},"content":{"rendered":"<p><strong>Libert\u00e9 Ch\u00e9rie<\/strong>&nbsp;<strong>es un&nbsp; Eau de Perfum de la familia olfativa Oriental Floral<\/strong>.<\/p>\n<p>Tiene una fresca salida de notas de bergamota y pera, para luego transformarse en un corazon de exquisitas flores de azahar nardos y jazmin zambac, concluyendo en unas calidas notas de fondo de almizcle, vetiver, pachuli y vainilla.<\/p>\n<p><strong>Libert\u00e9 Ch\u00e9rie, es un Eau de Parfum profundamente sensual, que posee un toque de distinticion \u00fanico y deslumbrante.<\/strong><\/p>\n<p>Contenido: 100 ml<\/p>\n","protected":false},"excerpt":{"rendered":"<p>Libert\u00e9 Ch\u00e9rie&nbsp;es un&nbsp; Eau de Perfum de la familia olfativa Oriental Floral. Tiene una fresca salida de notas de bergamota&#8230;<\/p>\n","protected":false},"featured_media":7885,"comment_status":"open","ping_status":"closed","template":"","meta":[],"product_brand":[1451],"product_cat":[],"product_tag":[],"class_list":{"0":"post-7140","1":"product","2":"type-product","3":"status-publish","4":"has-post-thumbnail","6":"product_brand-marchand-de-aromes","8":"first","9":"instock","10":"shipping-taxable","11":"purchasable","12":"product-type-simple"},"_links":{"self":[{"href":"https:\/\/parisparis.movilizame.com.ar\/index.php?rest_route=\/wp\/v2\/product\/7140","targetHints":{"allow":["GET"]}}],"collection":[{"href":"https:\/\/parisparis.movilizame.com.ar\/index.php?rest_route=\/wp\/v2\/product"}],"about":[{"href":"https:\/\/parisparis.movilizame.com.ar\/index.php?rest_route=\/wp\/v2\/types\/product"}],"replies":[{"embeddable":true,"href":"https:\/\/parisparis.movilizame.com.ar\/index.php?rest_route=%2Fwp%2Fv2%2Fcomments&post=7140"}],"wp:featuredmedia":[{"embeddable":true,"href":"https:\/\/parisparis.movilizame.com.ar\/index.php?rest_route=\/wp\/v2\/media\/7885"}],"wp:attachment":[{"href":"https:\/\/parisparis.movilizame.com.ar\/index.php?rest_route=%2Fwp%2Fv2%2Fmedia&parent=7140"}],"wp:term":[{"taxonomy":"product_brand","embeddable":true,"href":"https:\/\/parisparis.movilizame.com.ar\/index.php?rest_route=%2Fwp%2Fv2%2Fproduct_brand&post=7140"},{"taxonomy":"product_cat","embeddable":true,"href":"https:\/\/parisparis.movilizame.com.ar\/index.php?rest_route=%2Fwp%2Fv2%2Fproduct_cat&post=7140"},{"taxonomy":"product_tag","embeddable":true,"href":"https:\/\/parisparis.movilizame.com.ar\/index.php?rest_route=%2Fwp%2Fv2%2Fproduct_tag&post=7140"}],"curies":[{"name":"wp","href":"https:\/\/api.w.org\/{rel}","templated":true}]}}