{"id":7137,"date":"2022-11-29T13:19:40","date_gmt":"2022-11-29T16:19:40","guid":{"rendered":"http:\/\/wp-paris-paris.test\/?product=linterdit-edp-set-x-80-ml-labial-body-lotion"},"modified":"2025-11-08T10:02:35","modified_gmt":"2025-11-08T13:02:35","slug":"linterdit-edp-set-x-80-ml-labial-body-lotion","status":"publish","type":"product","link":"https:\/\/parisparis.movilizame.com.ar\/?product=linterdit-edp-set-x-80-ml-labial-body-lotion","title":{"rendered":"GIVENCHY &#8211; L\u00b4INTERDIT EDP SET 80 ML + LABIAL + BODY LOTION"},"content":{"rendered":"<p>L&#8217;Interdit Eau de Parfum, un tributo a la feminidad atrevida.<\/p>\n<p>No te proh\u00edbas nada. Adi\u00f3s a las reglas.<\/p>\n<p>Una invitaci\u00f3n a desafiar las convenciones y aceptar tu singularidad.<\/p>\n<p>Un toque de flores blancas junto con notas intensas que desatan una atrevida luminosidad que coquetea con la oscuridad. L&#8217;Interdit Eau de Parfum de Givenchy, el lado impactante de la sofisticaci\u00f3n.<\/p>\n<p><strong>L<\/strong>`<strong>Interdit<\/strong>&nbsp;<strong>EDP<\/strong>&nbsp;Intense es una fragancia para mujeres, la&nbsp;<strong>nota<\/strong>&nbsp;de salida es pimienta negra; las&nbsp;<strong>notas<\/strong>&nbsp;de coraz\u00f3n son nardos, flor de azahar de naranjo y s\u00e9samo; las&nbsp;<strong>notas<\/strong>&nbsp;de fondo son vetiver, pachuli y vanilla de Madagascar.&nbsp;<\/p>\n","protected":false},"excerpt":{"rendered":"<p>L&#8217;Interdit Eau de Parfum, un tributo a la feminidad atrevida. No te proh\u00edbas nada. Adi\u00f3s a las reglas. Una invitaci\u00f3n&#8230;<\/p>\n","protected":false},"featured_media":0,"comment_status":"open","ping_status":"closed","template":"","meta":[],"product_brand":[1443],"product_cat":[],"product_tag":[],"class_list":{"0":"post-7137","1":"product","2":"type-product","3":"status-publish","5":"product_brand-givenchy","7":"first","8":"instock","9":"shipping-taxable","10":"purchasable","11":"product-type-simple"},"_links":{"self":[{"href":"https:\/\/parisparis.movilizame.com.ar\/index.php?rest_route=\/wp\/v2\/product\/7137","targetHints":{"allow":["GET"]}}],"collection":[{"href":"https:\/\/parisparis.movilizame.com.ar\/index.php?rest_route=\/wp\/v2\/product"}],"about":[{"href":"https:\/\/parisparis.movilizame.com.ar\/index.php?rest_route=\/wp\/v2\/types\/product"}],"replies":[{"embeddable":true,"href":"https:\/\/parisparis.movilizame.com.ar\/index.php?rest_route=%2Fwp%2Fv2%2Fcomments&post=7137"}],"wp:attachment":[{"href":"https:\/\/parisparis.movilizame.com.ar\/index.php?rest_route=%2Fwp%2Fv2%2Fmedia&parent=7137"}],"wp:term":[{"taxonomy":"product_brand","embeddable":true,"href":"https:\/\/parisparis.movilizame.com.ar\/index.php?rest_route=%2Fwp%2Fv2%2Fproduct_brand&post=7137"},{"taxonomy":"product_cat","embeddable":true,"href":"https:\/\/parisparis.movilizame.com.ar\/index.php?rest_route=%2Fwp%2Fv2%2Fproduct_cat&post=7137"},{"taxonomy":"product_tag","embeddable":true,"href":"https:\/\/parisparis.movilizame.com.ar\/index.php?rest_route=%2Fwp%2Fv2%2Fproduct_tag&post=7137"}],"curies":[{"name":"wp","href":"https:\/\/api.w.org\/{rel}","templated":true}]}}