{"id":7123,"date":"2022-11-16T11:34:31","date_gmt":"2022-11-16T14:34:31","guid":{"rendered":"http:\/\/wp-paris-paris.test\/?product=opi-ridge-filler-base-alisante-para-unas-x15ml"},"modified":"2025-11-08T10:04:36","modified_gmt":"2025-11-08T13:04:36","slug":"opi-ridge-filler-base-alisante-para-unas-x15ml","status":"publish","type":"product","link":"https:\/\/parisparis.movilizame.com.ar\/?product=opi-ridge-filler-base-alisante-para-unas-x15ml","title":{"rendered":"OPI &#8211; RIDGE FILLER Base alisante para u\u00f1as 15 ML"},"content":{"rendered":"<p>OPI Ridge Filler es una<strong>&nbsp;base compuesta por polvo de seda<\/strong>, que unifica y alisa las u\u00f1as rugosas o con betas, para conseguir unas u\u00f1as perfectas. Adem\u00e1s&nbsp;actua como mordiente entre el esmalte y la u\u00f1a.&nbsp;&nbsp;As\u00ed el esmalte quedar\u00e1 liso e impecable. Resultado de larga duraci\u00f3n.<\/p>\n","protected":false},"excerpt":{"rendered":"<p>OPI Ridge Filler es una&nbsp;base compuesta por polvo de seda, que unifica y alisa las u\u00f1as rugosas o con betas,&#8230;<\/p>\n","protected":false},"featured_media":7874,"comment_status":"open","ping_status":"closed","template":"","meta":[],"product_brand":[1435],"product_cat":[],"product_tag":[],"class_list":{"0":"post-7123","1":"product","2":"type-product","3":"status-publish","4":"has-post-thumbnail","6":"product_brand-opi","8":"first","9":"instock","10":"shipping-taxable","11":"purchasable","12":"product-type-simple"},"_links":{"self":[{"href":"https:\/\/parisparis.movilizame.com.ar\/index.php?rest_route=\/wp\/v2\/product\/7123","targetHints":{"allow":["GET"]}}],"collection":[{"href":"https:\/\/parisparis.movilizame.com.ar\/index.php?rest_route=\/wp\/v2\/product"}],"about":[{"href":"https:\/\/parisparis.movilizame.com.ar\/index.php?rest_route=\/wp\/v2\/types\/product"}],"replies":[{"embeddable":true,"href":"https:\/\/parisparis.movilizame.com.ar\/index.php?rest_route=%2Fwp%2Fv2%2Fcomments&post=7123"}],"wp:featuredmedia":[{"embeddable":true,"href":"https:\/\/parisparis.movilizame.com.ar\/index.php?rest_route=\/wp\/v2\/media\/7874"}],"wp:attachment":[{"href":"https:\/\/parisparis.movilizame.com.ar\/index.php?rest_route=%2Fwp%2Fv2%2Fmedia&parent=7123"}],"wp:term":[{"taxonomy":"product_brand","embeddable":true,"href":"https:\/\/parisparis.movilizame.com.ar\/index.php?rest_route=%2Fwp%2Fv2%2Fproduct_brand&post=7123"},{"taxonomy":"product_cat","embeddable":true,"href":"https:\/\/parisparis.movilizame.com.ar\/index.php?rest_route=%2Fwp%2Fv2%2Fproduct_cat&post=7123"},{"taxonomy":"product_tag","embeddable":true,"href":"https:\/\/parisparis.movilizame.com.ar\/index.php?rest_route=%2Fwp%2Fv2%2Fproduct_tag&post=7123"}],"curies":[{"name":"wp","href":"https:\/\/api.w.org\/{rel}","templated":true}]}}