{"id":7121,"date":"2022-11-07T19:43:08","date_gmt":"2022-11-07T22:43:08","guid":{"rendered":"http:\/\/wp-paris-paris.test\/?product=lancome-la-vie-est-belle-edp-x-100-ml"},"modified":"2025-11-17T17:34:58","modified_gmt":"2025-11-17T20:34:58","slug":"lancome-la-vie-est-belle-edp-x-100-ml","status":"publish","type":"product","link":"https:\/\/parisparis.movilizame.com.ar\/?product=lancome-la-vie-est-belle-edp-x-100-ml","title":{"rendered":"LANCOME &#8211; LA VIE EST BELLE EDP"},"content":{"rendered":"<p>&#8220;La vie est belle,&#8221; expresi\u00f3n francesa que significa la vida es bella, consiste en elegir tu propio camino hacia la felicidad e inspirar a los dem\u00e1s. Complejo y moderno, el Eau de Parfum es una versi\u00f3n \u00fanica de una fragancia oriental c\u00e1lida y especiada con un toque floral y dulce gourmand.<\/p>\n<p><strong>Notas de salida:<\/strong>\u00a0Iris, finas delicias, pera, zarzamora.<br \/>\n<strong>Notas de coraz\u00f3n:<\/strong>\u00a0Iris pallida, flor de naranjo and jazm\u00edn sambac.<br \/>\n<strong>Notas de fondo:<\/strong>\u00a0Esencia de coraz\u00f3n de pachuli.<\/p>\n","protected":false},"excerpt":{"rendered":"<p>&#8220;La vie est belle,&#8221; expresi\u00f3n francesa que significa la vida es bella, consiste en elegir tu propio camino hacia la&#8230;<\/p>\n","protected":false},"featured_media":8398,"comment_status":"open","ping_status":"closed","template":"","meta":[],"product_brand":[1447],"product_cat":[],"product_tag":[],"class_list":{"0":"post-7121","1":"product","2":"type-product","3":"status-publish","4":"has-post-thumbnail","6":"product_brand-lancome","8":"first","9":"instock","10":"shipping-taxable","11":"purchasable","12":"product-type-variable"},"_links":{"self":[{"href":"https:\/\/parisparis.movilizame.com.ar\/index.php?rest_route=\/wp\/v2\/product\/7121","targetHints":{"allow":["GET"]}}],"collection":[{"href":"https:\/\/parisparis.movilizame.com.ar\/index.php?rest_route=\/wp\/v2\/product"}],"about":[{"href":"https:\/\/parisparis.movilizame.com.ar\/index.php?rest_route=\/wp\/v2\/types\/product"}],"replies":[{"embeddable":true,"href":"https:\/\/parisparis.movilizame.com.ar\/index.php?rest_route=%2Fwp%2Fv2%2Fcomments&post=7121"}],"wp:featuredmedia":[{"embeddable":true,"href":"https:\/\/parisparis.movilizame.com.ar\/index.php?rest_route=\/wp\/v2\/media\/8398"}],"wp:attachment":[{"href":"https:\/\/parisparis.movilizame.com.ar\/index.php?rest_route=%2Fwp%2Fv2%2Fmedia&parent=7121"}],"wp:term":[{"taxonomy":"product_brand","embeddable":true,"href":"https:\/\/parisparis.movilizame.com.ar\/index.php?rest_route=%2Fwp%2Fv2%2Fproduct_brand&post=7121"},{"taxonomy":"product_cat","embeddable":true,"href":"https:\/\/parisparis.movilizame.com.ar\/index.php?rest_route=%2Fwp%2Fv2%2Fproduct_cat&post=7121"},{"taxonomy":"product_tag","embeddable":true,"href":"https:\/\/parisparis.movilizame.com.ar\/index.php?rest_route=%2Fwp%2Fv2%2Fproduct_tag&post=7121"}],"curies":[{"name":"wp","href":"https:\/\/api.w.org\/{rel}","templated":true}]}}