{"id":7113,"date":"2022-09-27T14:42:38","date_gmt":"2022-09-27T17:42:38","guid":{"rendered":"http:\/\/wp-paris-paris.test\/?product=dermaglos-protector-solar-fps-40-en-spray-continuo-170-ml"},"modified":"2025-11-08T10:06:16","modified_gmt":"2025-11-08T13:06:16","slug":"dermaglos-protector-solar-fps-40-en-spray-continuo-170-ml","status":"publish","type":"product","link":"https:\/\/parisparis.movilizame.com.ar\/?product=dermaglos-protector-solar-fps-40-en-spray-continuo-170-ml","title":{"rendered":"DERMAGLOS &#8211; PROTECTOR SOLAR FPS 40 EN SPRAY CONTINUO 170 ML"},"content":{"rendered":"<h1>Alta protecci\u00f3n contra las quemaduras solares, dejando una agradable sensaci\u00f3n en la piel:<\/h1>\n<ul>\n<li>Pr\u00e1ctico envase en spray continuo<\/li>\n<li>Hidrata y nutre la piel<\/li>\n<li>Ideal para pieles sensibles<\/li>\n<li>Resistente al agua<\/li>\n<li>Recomendado a partir de los 3 a\u00f1os<\/li>\n<li>Sin TACC*&nbsp;<\/li>\n<\/ul>\n<p>&nbsp;<\/p>\n","protected":false},"excerpt":{"rendered":"<p>Alta protecci\u00f3n contra las quemaduras solares, dejando una agradable sensaci\u00f3n en la piel: Pr\u00e1ctico envase en spray continuo Hidrata y&#8230;<\/p>\n","protected":false},"featured_media":0,"comment_status":"open","ping_status":"closed","template":"","meta":[],"product_brand":[1440],"product_cat":[],"product_tag":[],"class_list":{"0":"post-7113","1":"product","2":"type-product","3":"status-publish","5":"product_brand-dermaglos","7":"first","8":"instock","9":"shipping-taxable","10":"purchasable","11":"product-type-simple"},"_links":{"self":[{"href":"https:\/\/parisparis.movilizame.com.ar\/index.php?rest_route=\/wp\/v2\/product\/7113","targetHints":{"allow":["GET"]}}],"collection":[{"href":"https:\/\/parisparis.movilizame.com.ar\/index.php?rest_route=\/wp\/v2\/product"}],"about":[{"href":"https:\/\/parisparis.movilizame.com.ar\/index.php?rest_route=\/wp\/v2\/types\/product"}],"replies":[{"embeddable":true,"href":"https:\/\/parisparis.movilizame.com.ar\/index.php?rest_route=%2Fwp%2Fv2%2Fcomments&post=7113"}],"wp:attachment":[{"href":"https:\/\/parisparis.movilizame.com.ar\/index.php?rest_route=%2Fwp%2Fv2%2Fmedia&parent=7113"}],"wp:term":[{"taxonomy":"product_brand","embeddable":true,"href":"https:\/\/parisparis.movilizame.com.ar\/index.php?rest_route=%2Fwp%2Fv2%2Fproduct_brand&post=7113"},{"taxonomy":"product_cat","embeddable":true,"href":"https:\/\/parisparis.movilizame.com.ar\/index.php?rest_route=%2Fwp%2Fv2%2Fproduct_cat&post=7113"},{"taxonomy":"product_tag","embeddable":true,"href":"https:\/\/parisparis.movilizame.com.ar\/index.php?rest_route=%2Fwp%2Fv2%2Fproduct_tag&post=7113"}],"curies":[{"name":"wp","href":"https:\/\/api.w.org\/{rel}","templated":true}]}}