{"id":7112,"date":"2022-09-27T14:39:29","date_gmt":"2022-09-27T17:39:29","guid":{"rendered":"http:\/\/wp-paris-paris.test\/?product=dermaglos-protector-solar-fps-50-invisible-spray-continuo"},"modified":"2025-11-08T10:11:10","modified_gmt":"2025-11-08T13:11:10","slug":"dermaglos-protector-solar-fps-50-invisible-spray-continuo","status":"publish","type":"product","link":"https:\/\/parisparis.movilizame.com.ar\/?product=dermaglos-protector-solar-fps-50-invisible-spray-continuo","title":{"rendered":"DERMAGLOS &#8211; PROTECTOR SOLAR FPS 50 INVISIBLE SPRAY CONTINUO"},"content":{"rendered":"<h1>F\u00f3rmula invisible sin efecto graso, Posee una textura ultraliviana y transparente:<\/h1>\n<ul>\n<li>R\u00e1pida absorci\u00f3n<\/li>\n<li>F\u00e1cil aplicaci\u00f3n en formato spray multiposici\u00f3n 360\u00b0<\/li>\n<li>Ideal para zonas pilosas, calvicie, orejas y nuca<\/li>\n<li>Resistente al agua<\/li>\n<li>Recomendado a partir de los 12 a\u00f1os<\/li>\n<li>Sin TACC*&nbsp;<\/li>\n<\/ul>\n<p><em>*Estudio de Determinaci\u00f3n de Gliadinas<\/em><\/p>\n","protected":false},"excerpt":{"rendered":"<p>F\u00f3rmula invisible sin efecto graso, Posee una textura ultraliviana y transparente: R\u00e1pida absorci\u00f3n F\u00e1cil aplicaci\u00f3n en formato spray multiposici\u00f3n 360\u00b0&#8230;<\/p>\n","protected":false},"featured_media":0,"comment_status":"open","ping_status":"closed","template":"","meta":[],"product_brand":[1440],"product_cat":[],"product_tag":[],"class_list":{"0":"post-7112","1":"product","2":"type-product","3":"status-publish","5":"product_brand-dermaglos","7":"first","8":"instock","9":"shipping-taxable","10":"purchasable","11":"product-type-simple"},"_links":{"self":[{"href":"https:\/\/parisparis.movilizame.com.ar\/index.php?rest_route=\/wp\/v2\/product\/7112","targetHints":{"allow":["GET"]}}],"collection":[{"href":"https:\/\/parisparis.movilizame.com.ar\/index.php?rest_route=\/wp\/v2\/product"}],"about":[{"href":"https:\/\/parisparis.movilizame.com.ar\/index.php?rest_route=\/wp\/v2\/types\/product"}],"replies":[{"embeddable":true,"href":"https:\/\/parisparis.movilizame.com.ar\/index.php?rest_route=%2Fwp%2Fv2%2Fcomments&post=7112"}],"wp:attachment":[{"href":"https:\/\/parisparis.movilizame.com.ar\/index.php?rest_route=%2Fwp%2Fv2%2Fmedia&parent=7112"}],"wp:term":[{"taxonomy":"product_brand","embeddable":true,"href":"https:\/\/parisparis.movilizame.com.ar\/index.php?rest_route=%2Fwp%2Fv2%2Fproduct_brand&post=7112"},{"taxonomy":"product_cat","embeddable":true,"href":"https:\/\/parisparis.movilizame.com.ar\/index.php?rest_route=%2Fwp%2Fv2%2Fproduct_cat&post=7112"},{"taxonomy":"product_tag","embeddable":true,"href":"https:\/\/parisparis.movilizame.com.ar\/index.php?rest_route=%2Fwp%2Fv2%2Fproduct_tag&post=7112"}],"curies":[{"name":"wp","href":"https:\/\/api.w.org\/{rel}","templated":true}]}}