{"id":7108,"date":"2022-09-22T01:00:28","date_gmt":"2022-09-22T04:00:28","guid":{"rendered":"http:\/\/wp-paris-paris.test\/?product=labial-colorstay-matte-lite-crayon-001"},"modified":"2025-10-23T19:40:06","modified_gmt":"2025-10-23T22:40:06","slug":"labial-colorstay-matte-lite-crayon-001","status":"publish","type":"product","link":"https:\/\/parisparis.movilizame.com.ar\/?product=labial-colorstay-matte-lite-crayon-001","title":{"rendered":"REVLON &#8211; LABIAL ColorStay Matte Lite Crayon &#8211; 001"},"content":{"rendered":"<p>Revlon ColorStay Matte Lite Crayon es un l\u00e1piz labial de cray\u00f3n sin esfuerzo que es tan ligero que olvidar\u00e1s que est\u00e1 incluso encendido.<\/p>\n<p>Se siente un 30% m\u00e1s ligero que su l\u00e1piz labial promedio, y est\u00e1 infundido con aceite de semilla de mango rico en antioxidantes para reponer los labios. Experimente el color de l\u00e1piz labial mate saturado en una f\u00f3rmula mate c\u00f3moda y no secante.<\/p>\n<p>Formulado sin parabenos ni aceite mineral.<\/p>\n<p>A prueba de manchas, a prueba de escamas, resistente al agua y sin desvanecimiento. Una punta ultra precisa con afilador incorporado hace que sea f\u00e1cil de aplicar sobre la marcha.<\/p>\n<h4>Indicaciones<\/h4>\n<p>Simplemente traza tus labios con la punta del cray\u00f3n y color\u00e9alos y listo. El dise\u00f1o de l\u00e1piz con sacapuntas incorporado hace que la aplicaci\u00f3n precisa sea muy f\u00e1cil.<\/p>\n","protected":false},"excerpt":{"rendered":"<p>Revlon ColorStay Matte Lite Crayon es un l\u00e1piz labial de cray\u00f3n sin esfuerzo que es tan ligero que olvidar\u00e1s que&#8230;<\/p>\n","protected":false},"featured_media":7866,"comment_status":"open","ping_status":"closed","template":"","meta":[],"product_brand":[1428],"product_cat":[],"product_tag":[],"class_list":{"0":"post-7108","1":"product","2":"type-product","3":"status-publish","4":"has-post-thumbnail","6":"product_brand-revlon","8":"first","9":"instock","10":"shipping-taxable","11":"purchasable","12":"product-type-simple"},"_links":{"self":[{"href":"https:\/\/parisparis.movilizame.com.ar\/index.php?rest_route=\/wp\/v2\/product\/7108","targetHints":{"allow":["GET"]}}],"collection":[{"href":"https:\/\/parisparis.movilizame.com.ar\/index.php?rest_route=\/wp\/v2\/product"}],"about":[{"href":"https:\/\/parisparis.movilizame.com.ar\/index.php?rest_route=\/wp\/v2\/types\/product"}],"replies":[{"embeddable":true,"href":"https:\/\/parisparis.movilizame.com.ar\/index.php?rest_route=%2Fwp%2Fv2%2Fcomments&post=7108"}],"wp:featuredmedia":[{"embeddable":true,"href":"https:\/\/parisparis.movilizame.com.ar\/index.php?rest_route=\/wp\/v2\/media\/7866"}],"wp:attachment":[{"href":"https:\/\/parisparis.movilizame.com.ar\/index.php?rest_route=%2Fwp%2Fv2%2Fmedia&parent=7108"}],"wp:term":[{"taxonomy":"product_brand","embeddable":true,"href":"https:\/\/parisparis.movilizame.com.ar\/index.php?rest_route=%2Fwp%2Fv2%2Fproduct_brand&post=7108"},{"taxonomy":"product_cat","embeddable":true,"href":"https:\/\/parisparis.movilizame.com.ar\/index.php?rest_route=%2Fwp%2Fv2%2Fproduct_cat&post=7108"},{"taxonomy":"product_tag","embeddable":true,"href":"https:\/\/parisparis.movilizame.com.ar\/index.php?rest_route=%2Fwp%2Fv2%2Fproduct_tag&post=7108"}],"curies":[{"name":"wp","href":"https:\/\/api.w.org\/{rel}","templated":true}]}}