{"id":7090,"date":"2022-08-03T14:42:17","date_gmt":"2022-08-03T17:42:17","guid":{"rendered":"http:\/\/wp-paris-paris.test\/?product=lovely-girls-edt-100-ml"},"modified":"2025-12-17T18:21:25","modified_gmt":"2025-12-17T21:21:25","slug":"lovely-girls-edt-100-ml","status":"publish","type":"product","link":"https:\/\/parisparis.movilizame.com.ar\/?product=lovely-girls-edt-100-ml","title":{"rendered":"CHEEKY &#8211; LOVELY GIRLS EDT 100 ML"},"content":{"rendered":"<p>Lovely Girls, est\u00e1 inspirada en la felicidad que brilla!<\/p>\n<p>&nbsp;Su fragancia es floral hesper\u00eddica, donde predomina la salida notas de bergamota, pomelo, manzana verde para luego completarse con un coraz\u00f3n de ni\u00f1a de jazm\u00edn, rosa y violetas.<\/p>\n","protected":false},"excerpt":{"rendered":"<p>Lovely Girls, est\u00e1 inspirada en la felicidad que brilla! &nbsp;Su fragancia es floral hesper\u00eddica, donde predomina la salida notas de&#8230;<\/p>\n","protected":false},"featured_media":7857,"comment_status":"open","ping_status":"closed","template":"","meta":[],"product_brand":[1478],"product_cat":[],"product_tag":[],"class_list":{"0":"post-7090","1":"product","2":"type-product","3":"status-publish","4":"has-post-thumbnail","6":"product_brand-cheeky","8":"first","9":"instock","10":"shipping-taxable","11":"purchasable","12":"product-type-simple"},"_links":{"self":[{"href":"https:\/\/parisparis.movilizame.com.ar\/index.php?rest_route=\/wp\/v2\/product\/7090","targetHints":{"allow":["GET"]}}],"collection":[{"href":"https:\/\/parisparis.movilizame.com.ar\/index.php?rest_route=\/wp\/v2\/product"}],"about":[{"href":"https:\/\/parisparis.movilizame.com.ar\/index.php?rest_route=\/wp\/v2\/types\/product"}],"replies":[{"embeddable":true,"href":"https:\/\/parisparis.movilizame.com.ar\/index.php?rest_route=%2Fwp%2Fv2%2Fcomments&post=7090"}],"wp:featuredmedia":[{"embeddable":true,"href":"https:\/\/parisparis.movilizame.com.ar\/index.php?rest_route=\/wp\/v2\/media\/7857"}],"wp:attachment":[{"href":"https:\/\/parisparis.movilizame.com.ar\/index.php?rest_route=%2Fwp%2Fv2%2Fmedia&parent=7090"}],"wp:term":[{"taxonomy":"product_brand","embeddable":true,"href":"https:\/\/parisparis.movilizame.com.ar\/index.php?rest_route=%2Fwp%2Fv2%2Fproduct_brand&post=7090"},{"taxonomy":"product_cat","embeddable":true,"href":"https:\/\/parisparis.movilizame.com.ar\/index.php?rest_route=%2Fwp%2Fv2%2Fproduct_cat&post=7090"},{"taxonomy":"product_tag","embeddable":true,"href":"https:\/\/parisparis.movilizame.com.ar\/index.php?rest_route=%2Fwp%2Fv2%2Fproduct_tag&post=7090"}],"curies":[{"name":"wp","href":"https:\/\/api.w.org\/{rel}","templated":true}]}}