{"id":7083,"date":"2022-07-11T14:02:58","date_gmt":"2022-07-11T17:02:58","guid":{"rendered":"http:\/\/wp-paris-paris.test\/?product=mascara-de-pestanas-lash-sensational-sky-high-very-black-maybelline"},"modified":"2026-01-20T12:27:03","modified_gmt":"2026-01-20T15:27:03","slug":"mascara-de-pestanas-lash-sensational-sky-high-very-black-maybelline","status":"publish","type":"product","link":"https:\/\/parisparis.movilizame.com.ar\/?product=mascara-de-pestanas-lash-sensational-sky-high-very-black-maybelline","title":{"rendered":"MAYBELLINE &#8211; MASCARA DE PESTA\u00d1AS LASH SENSATIONAL SKY HIGH VERY BLACK"},"content":{"rendered":"<p>Maybelline es una marca reconocida a nivel mundial, con m\u00e1s de 100 a\u00f1os de trayectoria. Su popularidad se debe a la calidad y variedad de productos, ya que ofrece maquillajes para cada tipo de piel, look y estilo. Con esta m\u00e1scara, podr\u00e1s definir y resaltar tus pesta\u00f1as. Elegir nunca fue tan f\u00e1cil.<\/p>\n<p>Cuida tus ojos<\/p>\n<p>Si sufr\u00eds de irritaciones o comez\u00f3n en los ojos cuando te maquill\u00e1s, esta m\u00e1scara es para vos. Gracias a sus componentes naturales que no provocan residuos, te ayudar\u00e1 a reducir o eliminar las molestias y a cuidar tu salud ocular.<\/p>\n<p>Destac\u00e1 tus ojos<\/p>\n<p>Consigue una mirada de alto impacto en tus pesta\u00f1as con esta m\u00e1scara que aporta volumen desde la ra\u00edz a las puntas. Al\u00e1rgalas y obt\u00e9n un efecto maximizador en un abrir y cerrar de ojos.<\/p>\n","protected":false},"excerpt":{"rendered":"<p>Maybelline es una marca reconocida a nivel mundial, con m\u00e1s de 100 a\u00f1os de trayectoria. Su popularidad se debe a&#8230;<\/p>\n","protected":false},"featured_media":8668,"comment_status":"open","ping_status":"closed","template":"","meta":[],"product_brand":[1429],"product_cat":[],"product_tag":[],"class_list":{"0":"post-7083","1":"product","2":"type-product","3":"status-publish","4":"has-post-thumbnail","6":"product_brand-maybelline","8":"first","9":"instock","10":"shipping-taxable","11":"purchasable","12":"product-type-simple"},"_links":{"self":[{"href":"https:\/\/parisparis.movilizame.com.ar\/index.php?rest_route=\/wp\/v2\/product\/7083","targetHints":{"allow":["GET"]}}],"collection":[{"href":"https:\/\/parisparis.movilizame.com.ar\/index.php?rest_route=\/wp\/v2\/product"}],"about":[{"href":"https:\/\/parisparis.movilizame.com.ar\/index.php?rest_route=\/wp\/v2\/types\/product"}],"replies":[{"embeddable":true,"href":"https:\/\/parisparis.movilizame.com.ar\/index.php?rest_route=%2Fwp%2Fv2%2Fcomments&post=7083"}],"wp:featuredmedia":[{"embeddable":true,"href":"https:\/\/parisparis.movilizame.com.ar\/index.php?rest_route=\/wp\/v2\/media\/8668"}],"wp:attachment":[{"href":"https:\/\/parisparis.movilizame.com.ar\/index.php?rest_route=%2Fwp%2Fv2%2Fmedia&parent=7083"}],"wp:term":[{"taxonomy":"product_brand","embeddable":true,"href":"https:\/\/parisparis.movilizame.com.ar\/index.php?rest_route=%2Fwp%2Fv2%2Fproduct_brand&post=7083"},{"taxonomy":"product_cat","embeddable":true,"href":"https:\/\/parisparis.movilizame.com.ar\/index.php?rest_route=%2Fwp%2Fv2%2Fproduct_cat&post=7083"},{"taxonomy":"product_tag","embeddable":true,"href":"https:\/\/parisparis.movilizame.com.ar\/index.php?rest_route=%2Fwp%2Fv2%2Fproduct_tag&post=7083"}],"curies":[{"name":"wp","href":"https:\/\/api.w.org\/{rel}","templated":true}]}}