{"id":7058,"date":"2022-05-26T14:41:57","date_gmt":"2022-05-26T17:41:57","guid":{"rendered":"http:\/\/wp-paris-paris.test\/?product=claridge-ampolla-btx"},"modified":"2025-12-17T18:48:09","modified_gmt":"2025-12-17T21:48:09","slug":"claridge-ampolla-btx","status":"publish","type":"product","link":"https:\/\/parisparis.movilizame.com.ar\/?product=claridge-ampolla-btx","title":{"rendered":"CLARIDGE &#8211; BTX CAPILAR AMPOLLA 15 ML"},"content":{"rendered":"<p><em>Claridge desarroll\u00f3 la ampolla BTX CAPILAR para restaurar en profundidad los cabellos da\u00f1ados por diferentes factores, especialmente aquellos que han sido tratados qu\u00edmicamente . Un complejo protector que hidrata, nutre y restaura la fibra capilar, aporta la hidrataci\u00f3n que pierde el pelo con los tratamientos qu\u00edmicos. Su f\u00f3rmula restauradora repara las zonas m\u00e1s da\u00f1adas del cabello mejorando su textura y suavidad.<\/em><\/p>\n<p><strong>COMPONENTES:<\/strong>\u00a0\u00c1cido Hialur\u00f3nico: ayuda a restaurar los niveles de hidrataci\u00f3n del cabello, mejora la textura y suavidad de la fibra capilar. Keratina: es un componente presente en el cabello, sella las escamas de la fibra capilar, de esta forma ayuda a que el pelo quede sin frizz y perfectamente alineado recuperando su estructura natural. Provitamina B5: devuelve la nutrici\u00f3n perdida por diferentes factores y fortalece la fibra capilar nutri\u00e9ndola desde el interior hacia al exterior.<\/p>\n<p><strong>MODO DE USO:<\/strong><br \/>\nPaso 1: Colocar en un recipiente una dosis de ampolla y mezclar con agua hasta obtener una crema homogenea<br \/>\nPaso 2: Lavar el cabello con el shampoo BTX capilar y enjuagar con abundante agua tibia<br \/>\nPaso 3: colocar la preparaci\u00f3n de la ampolla de medios a puntas, dejar actuar 20&#8242; y enjuagar.<br \/>\nPaso 4: proceder al peinado habitual. Para una rutina de restauraci\u00f3n profunda recomendamos utilizar el shampoo y acondicionador BTX Capilar.<\/p>\n","protected":false},"excerpt":{"rendered":"<p>Claridge desarroll\u00f3 la ampolla BTX CAPILAR para restaurar en profundidad los cabellos da\u00f1ados por diferentes factores, especialmente aquellos que han&#8230;<\/p>\n","protected":false},"featured_media":7833,"comment_status":"open","ping_status":"closed","template":"","meta":[],"product_brand":[1427],"product_cat":[1379],"product_tag":[],"class_list":{"0":"post-7058","1":"product","2":"type-product","3":"status-publish","4":"has-post-thumbnail","6":"product_brand-claridge","7":"product_cat-capilar","9":"first","10":"instock","11":"shipping-taxable","12":"purchasable","13":"product-type-simple"},"_links":{"self":[{"href":"https:\/\/parisparis.movilizame.com.ar\/index.php?rest_route=\/wp\/v2\/product\/7058","targetHints":{"allow":["GET"]}}],"collection":[{"href":"https:\/\/parisparis.movilizame.com.ar\/index.php?rest_route=\/wp\/v2\/product"}],"about":[{"href":"https:\/\/parisparis.movilizame.com.ar\/index.php?rest_route=\/wp\/v2\/types\/product"}],"replies":[{"embeddable":true,"href":"https:\/\/parisparis.movilizame.com.ar\/index.php?rest_route=%2Fwp%2Fv2%2Fcomments&post=7058"}],"wp:featuredmedia":[{"embeddable":true,"href":"https:\/\/parisparis.movilizame.com.ar\/index.php?rest_route=\/wp\/v2\/media\/7833"}],"wp:attachment":[{"href":"https:\/\/parisparis.movilizame.com.ar\/index.php?rest_route=%2Fwp%2Fv2%2Fmedia&parent=7058"}],"wp:term":[{"taxonomy":"product_brand","embeddable":true,"href":"https:\/\/parisparis.movilizame.com.ar\/index.php?rest_route=%2Fwp%2Fv2%2Fproduct_brand&post=7058"},{"taxonomy":"product_cat","embeddable":true,"href":"https:\/\/parisparis.movilizame.com.ar\/index.php?rest_route=%2Fwp%2Fv2%2Fproduct_cat&post=7058"},{"taxonomy":"product_tag","embeddable":true,"href":"https:\/\/parisparis.movilizame.com.ar\/index.php?rest_route=%2Fwp%2Fv2%2Fproduct_tag&post=7058"}],"curies":[{"name":"wp","href":"https:\/\/api.w.org\/{rel}","templated":true}]}}