{"id":7057,"date":"2022-05-26T14:37:46","date_gmt":"2022-05-26T17:37:46","guid":{"rendered":"http:\/\/wp-paris-paris.test\/?product=claridge-spray-btx-blindaje-capilar"},"modified":"2025-12-17T18:42:38","modified_gmt":"2025-12-17T21:42:38","slug":"claridge-spray-btx-blindaje-capilar","status":"publish","type":"product","link":"https:\/\/parisparis.movilizame.com.ar\/?product=claridge-spray-btx-blindaje-capilar","title":{"rendered":"CLARIDGE &#8211; SPRAY BTX BLINDAJE CAPILAR 210 ML"},"content":{"rendered":"<p><em>Claridge desarroll\u00f3 su f\u00f3rmula BLINDAJE CAPILAR combinando la hidrataci\u00f3n profunda de \u00e1cido hialur\u00f3nico con el poder de nutrici\u00f3n del col\u00e1geno y la fuerza restauradora de la keratina. Un complejo protector que hidrata, nutre y restaura la fibra capilar, evita el frizz y facilita el peinado. Su f\u00f3rmula restauradora repara las zonas m\u00e1s da\u00f1adas del cabello y las puntas abiertas. El resultado, un cabello sano, sedoso sin frizz y con brillo natural.<\/em><\/p>\n<p><strong>COMPONENTES<\/strong>: \u00c1cido Hialur\u00f3nico: ayuda a restaurar los niveles de hidrataci\u00f3n del cabello, mejora la textura y suavidad de la fibra capilar. Keratina: es un componente presente en el cabello, sella las escamas de la fibra capilar, de esta forma ayuda a que el pelo quede sin frizz y perfectamente alineado recuperando su estructura natural.<\/p>\n<p><strong>MODO DE USO:<\/strong>\u00a0rociar sobre el cabello h\u00famedo de forma pareja a 15 cm de la fibra capilar, dejar que absrorba por unos segundos y luego proceder al peinado habitual. Para una rutina de restauraci\u00f3n profunda recomendamos utlizar el shampoo, acondicionador y ba\u00f1o de crema BTX Capilar.<\/p>\n","protected":false},"excerpt":{"rendered":"<p>Claridge desarroll\u00f3 su f\u00f3rmula BLINDAJE CAPILAR combinando la hidrataci\u00f3n profunda de \u00e1cido hialur\u00f3nico con el poder de nutrici\u00f3n del col\u00e1geno&#8230;<\/p>\n","protected":false},"featured_media":8645,"comment_status":"open","ping_status":"closed","template":"","meta":[],"product_brand":[1427],"product_cat":[1379],"product_tag":[],"class_list":{"0":"post-7057","1":"product","2":"type-product","3":"status-publish","4":"has-post-thumbnail","6":"product_brand-claridge","7":"product_cat-capilar","9":"first","10":"instock","11":"shipping-taxable","12":"purchasable","13":"product-type-simple"},"_links":{"self":[{"href":"https:\/\/parisparis.movilizame.com.ar\/index.php?rest_route=\/wp\/v2\/product\/7057","targetHints":{"allow":["GET"]}}],"collection":[{"href":"https:\/\/parisparis.movilizame.com.ar\/index.php?rest_route=\/wp\/v2\/product"}],"about":[{"href":"https:\/\/parisparis.movilizame.com.ar\/index.php?rest_route=\/wp\/v2\/types\/product"}],"replies":[{"embeddable":true,"href":"https:\/\/parisparis.movilizame.com.ar\/index.php?rest_route=%2Fwp%2Fv2%2Fcomments&post=7057"}],"wp:featuredmedia":[{"embeddable":true,"href":"https:\/\/parisparis.movilizame.com.ar\/index.php?rest_route=\/wp\/v2\/media\/8645"}],"wp:attachment":[{"href":"https:\/\/parisparis.movilizame.com.ar\/index.php?rest_route=%2Fwp%2Fv2%2Fmedia&parent=7057"}],"wp:term":[{"taxonomy":"product_brand","embeddable":true,"href":"https:\/\/parisparis.movilizame.com.ar\/index.php?rest_route=%2Fwp%2Fv2%2Fproduct_brand&post=7057"},{"taxonomy":"product_cat","embeddable":true,"href":"https:\/\/parisparis.movilizame.com.ar\/index.php?rest_route=%2Fwp%2Fv2%2Fproduct_cat&post=7057"},{"taxonomy":"product_tag","embeddable":true,"href":"https:\/\/parisparis.movilizame.com.ar\/index.php?rest_route=%2Fwp%2Fv2%2Fproduct_tag&post=7057"}],"curies":[{"name":"wp","href":"https:\/\/api.w.org\/{rel}","templated":true}]}}