{"id":7055,"date":"2022-05-26T14:28:48","date_gmt":"2022-05-26T17:28:48","guid":{"rendered":"http:\/\/wp-paris-paris.test\/?product=claridge-locion-tonica-control-caida"},"modified":"2025-12-17T18:44:38","modified_gmt":"2025-12-17T21:44:38","slug":"claridge-locion-tonica-control-caida","status":"publish","type":"product","link":"https:\/\/parisparis.movilizame.com.ar\/?product=claridge-locion-tonica-control-caida","title":{"rendered":"CLARIDGE &#8211; LOCION TONICA PARA LA CAIDA DE ORTIGA 60 ML"},"content":{"rendered":"<p><em>Claridge desarroll\u00f3 la loci\u00f3n CONTROL CA\u00cdDA, con Ortiga y Vitamina B6 para fortalecer los cabelllos con ca\u00edda por quiebre. La loci\u00f3n control ca\u00edda ayuda a fortalecer el cabello y evita el quiebre contribuye a potenciar el crecimiento del pelo.<\/em><\/p>\n<p><strong>COMPONENTES:<\/strong>&nbsp;Vitamina b6: fortalece el cabello estimulando el bulbo cap\u00edlar ayuda al crecimiento del cabello. Ortiga: Activa la circulaci\u00f3n perif\u00e9rica del cuero cabelludo, elimina la caspa, oxigena al bulbo capilar, potencia el crecimiento del cabello.<\/p>\n<p><strong>MODO DE USO:<\/strong>&nbsp;lavar el cabello con shampoo y acondicionador Control Ca\u00edda, secar el cabello a toalla, desenredar y luego aplicar desde la nuca hacia delante la loci\u00f3n control ca\u00edda, relizando masajes de forma circular desde la nuca hacia delante. No enjuagar. Recomedamos realizar la rutina completa como m\u00ednimo 3 veces por semana.<\/p>\n","protected":false},"excerpt":{"rendered":"<p>Claridge desarroll\u00f3 la loci\u00f3n CONTROL CA\u00cdDA, con Ortiga y Vitamina B6 para fortalecer los cabelllos con ca\u00edda por quiebre. La&#8230;<\/p>\n","protected":false},"featured_media":7831,"comment_status":"open","ping_status":"closed","template":"","meta":[],"product_brand":[1427],"product_cat":[1379],"product_tag":[],"class_list":{"0":"post-7055","1":"product","2":"type-product","3":"status-publish","4":"has-post-thumbnail","6":"product_brand-claridge","7":"product_cat-capilar","9":"first","10":"instock","11":"shipping-taxable","12":"purchasable","13":"product-type-simple"},"_links":{"self":[{"href":"https:\/\/parisparis.movilizame.com.ar\/index.php?rest_route=\/wp\/v2\/product\/7055","targetHints":{"allow":["GET"]}}],"collection":[{"href":"https:\/\/parisparis.movilizame.com.ar\/index.php?rest_route=\/wp\/v2\/product"}],"about":[{"href":"https:\/\/parisparis.movilizame.com.ar\/index.php?rest_route=\/wp\/v2\/types\/product"}],"replies":[{"embeddable":true,"href":"https:\/\/parisparis.movilizame.com.ar\/index.php?rest_route=%2Fwp%2Fv2%2Fcomments&post=7055"}],"wp:featuredmedia":[{"embeddable":true,"href":"https:\/\/parisparis.movilizame.com.ar\/index.php?rest_route=\/wp\/v2\/media\/7831"}],"wp:attachment":[{"href":"https:\/\/parisparis.movilizame.com.ar\/index.php?rest_route=%2Fwp%2Fv2%2Fmedia&parent=7055"}],"wp:term":[{"taxonomy":"product_brand","embeddable":true,"href":"https:\/\/parisparis.movilizame.com.ar\/index.php?rest_route=%2Fwp%2Fv2%2Fproduct_brand&post=7055"},{"taxonomy":"product_cat","embeddable":true,"href":"https:\/\/parisparis.movilizame.com.ar\/index.php?rest_route=%2Fwp%2Fv2%2Fproduct_cat&post=7055"},{"taxonomy":"product_tag","embeddable":true,"href":"https:\/\/parisparis.movilizame.com.ar\/index.php?rest_route=%2Fwp%2Fv2%2Fproduct_tag&post=7055"}],"curies":[{"name":"wp","href":"https:\/\/api.w.org\/{rel}","templated":true}]}}