{"id":7053,"date":"2022-05-26T14:18:10","date_gmt":"2022-05-26T17:18:10","guid":{"rendered":"http:\/\/wp-paris-paris.test\/?product=dorothy-gray-sombra-individual-compacta"},"modified":"2025-12-09T11:14:54","modified_gmt":"2025-12-09T14:14:54","slug":"dorothy-gray-sombra-individual-compacta","status":"publish","type":"product","link":"https:\/\/parisparis.movilizame.com.ar\/?product=dorothy-gray-sombra-individual-compacta","title":{"rendered":"DOROTHY GRAY &#8211; SOMBRA INDIVIDUAL COMPACTA"},"content":{"rendered":"<p><strong>Sombra&nbsp;compacta Hipoalerg\u00e9nica c<\/strong><strong>on Vitamina E y Microcapsulas de Silicona.<\/strong><\/p>\n<p><em>Su f\u00f3rmula protege y suaviza la delicada piel de los p\u00e1rpados, fijando el color y manteniendo el maquillaje intacto durante todo el dia.<\/em><br \/>\n&nbsp;<\/p>\n<p>&nbsp;&nbsp;<\/p>\n","protected":false},"excerpt":{"rendered":"<p>Sombra&nbsp;compacta Hipoalerg\u00e9nica con Vitamina E y Microcapsulas de Silicona. Su f\u00f3rmula protege y suaviza la delicada piel de los p\u00e1rpados,&#8230;<\/p>\n","protected":false},"featured_media":7829,"comment_status":"open","ping_status":"closed","template":"","meta":[],"product_brand":[1433],"product_cat":[],"product_tag":[],"class_list":{"0":"post-7053","1":"product","2":"type-product","3":"status-publish","4":"has-post-thumbnail","6":"product_brand-dorothy-gray","8":"first","9":"instock","10":"shipping-taxable","11":"purchasable","12":"product-type-simple"},"_links":{"self":[{"href":"https:\/\/parisparis.movilizame.com.ar\/index.php?rest_route=\/wp\/v2\/product\/7053","targetHints":{"allow":["GET"]}}],"collection":[{"href":"https:\/\/parisparis.movilizame.com.ar\/index.php?rest_route=\/wp\/v2\/product"}],"about":[{"href":"https:\/\/parisparis.movilizame.com.ar\/index.php?rest_route=\/wp\/v2\/types\/product"}],"replies":[{"embeddable":true,"href":"https:\/\/parisparis.movilizame.com.ar\/index.php?rest_route=%2Fwp%2Fv2%2Fcomments&post=7053"}],"wp:featuredmedia":[{"embeddable":true,"href":"https:\/\/parisparis.movilizame.com.ar\/index.php?rest_route=\/wp\/v2\/media\/7829"}],"wp:attachment":[{"href":"https:\/\/parisparis.movilizame.com.ar\/index.php?rest_route=%2Fwp%2Fv2%2Fmedia&parent=7053"}],"wp:term":[{"taxonomy":"product_brand","embeddable":true,"href":"https:\/\/parisparis.movilizame.com.ar\/index.php?rest_route=%2Fwp%2Fv2%2Fproduct_brand&post=7053"},{"taxonomy":"product_cat","embeddable":true,"href":"https:\/\/parisparis.movilizame.com.ar\/index.php?rest_route=%2Fwp%2Fv2%2Fproduct_cat&post=7053"},{"taxonomy":"product_tag","embeddable":true,"href":"https:\/\/parisparis.movilizame.com.ar\/index.php?rest_route=%2Fwp%2Fv2%2Fproduct_tag&post=7053"}],"curies":[{"name":"wp","href":"https:\/\/api.w.org\/{rel}","templated":true}]}}