{"id":7034,"date":"2022-05-11T13:24:04","date_gmt":"2022-05-11T16:24:04","guid":{"rendered":"http:\/\/wp-paris-paris.test\/?product=gama-secador-de-cabello-titan-keratin-3d"},"modified":"2025-10-28T19:07:28","modified_gmt":"2025-10-28T22:07:28","slug":"gama-secador-de-cabello-titan-keratin-3d","status":"publish","type":"product","link":"https:\/\/parisparis.movilizame.com.ar\/?product=gama-secador-de-cabello-titan-keratin-3d","title":{"rendered":"GAMA &#8211; Secador de cabello Titan Keratin 3D"},"content":{"rendered":"<h3>Descripci\u00f3n:<\/h3>\n<p>Secador potente con motor profesional AC de 2100W que lo convierte en una herramienta fiable y segura. Cuenta con la tecnolog\u00eda Microglitt, que protege la keratina de tu cabello manteni\u00e9ndolo saludable y brilloso a\u00fan a altas temperaturas.<\/p>\n<h3>Beneficios:<\/h3>\n<p>Microglitt: tecnolog\u00eda dedicada a la protecci\u00f3n de la keratina obteniendo cabellos m\u00e1s brillosos, sedosos y sin frizz, adem\u00e1s de nutrir la fibra capilar.3D Therapy: Basada en la tecnolog\u00eda Ion plus que emite un 80% m\u00e1s de iones negativos en comparaci\u00f3n a las dem\u00e1s planchas. Los iones negativos tienen tres efectos sobre el cabello reconstrucci\u00f3n, anti frizz, brillo.Cuenta con 6 combinaciones posibles de 2 velocidades y 3 temperaturas, que te dan una combinaci\u00f3n de 6 temperaturas diferentes. Tambi\u00e9n, tiene un bot\u00f3n de fr\u00edo, cuya funci\u00f3n es fijar el peinado y darle brillo.El largo del cable es de 1.8 metros de largo, que te va a permitir manejar el secador de cabello sin limitaciones. Viene con 1 boquilla.<\/p>\n<h2><\/h2>\n","protected":false},"excerpt":{"rendered":"<p>Descripci\u00f3n: Secador potente con motor profesional AC de 2100W que lo convierte en una herramienta fiable y segura. Cuenta con&#8230;<\/p>\n","protected":false},"featured_media":7814,"comment_status":"open","ping_status":"closed","template":"","meta":[],"product_brand":[1479],"product_cat":[],"product_tag":[],"class_list":{"0":"post-7034","1":"product","2":"type-product","3":"status-publish","4":"has-post-thumbnail","6":"product_brand-gama","8":"first","9":"instock","10":"shipping-taxable","11":"purchasable","12":"product-type-simple"},"_links":{"self":[{"href":"https:\/\/parisparis.movilizame.com.ar\/index.php?rest_route=\/wp\/v2\/product\/7034","targetHints":{"allow":["GET"]}}],"collection":[{"href":"https:\/\/parisparis.movilizame.com.ar\/index.php?rest_route=\/wp\/v2\/product"}],"about":[{"href":"https:\/\/parisparis.movilizame.com.ar\/index.php?rest_route=\/wp\/v2\/types\/product"}],"replies":[{"embeddable":true,"href":"https:\/\/parisparis.movilizame.com.ar\/index.php?rest_route=%2Fwp%2Fv2%2Fcomments&post=7034"}],"wp:featuredmedia":[{"embeddable":true,"href":"https:\/\/parisparis.movilizame.com.ar\/index.php?rest_route=\/wp\/v2\/media\/7814"}],"wp:attachment":[{"href":"https:\/\/parisparis.movilizame.com.ar\/index.php?rest_route=%2Fwp%2Fv2%2Fmedia&parent=7034"}],"wp:term":[{"taxonomy":"product_brand","embeddable":true,"href":"https:\/\/parisparis.movilizame.com.ar\/index.php?rest_route=%2Fwp%2Fv2%2Fproduct_brand&post=7034"},{"taxonomy":"product_cat","embeddable":true,"href":"https:\/\/parisparis.movilizame.com.ar\/index.php?rest_route=%2Fwp%2Fv2%2Fproduct_cat&post=7034"},{"taxonomy":"product_tag","embeddable":true,"href":"https:\/\/parisparis.movilizame.com.ar\/index.php?rest_route=%2Fwp%2Fv2%2Fproduct_tag&post=7034"}],"curies":[{"name":"wp","href":"https:\/\/api.w.org\/{rel}","templated":true}]}}