{"id":7010,"date":"2022-04-04T19:47:12","date_gmt":"2022-04-04T22:47:12","guid":{"rendered":"http:\/\/wp-paris-paris.test\/?product=gama-bella-tourmaline-planchita-de-pelo-led"},"modified":"2025-10-28T19:17:00","modified_gmt":"2025-10-28T22:17:00","slug":"gama-bella-tourmaline-planchita-de-pelo-led","status":"publish","type":"product","link":"https:\/\/parisparis.movilizame.com.ar\/?product=gama-bella-tourmaline-planchita-de-pelo-led","title":{"rendered":"GAMA &#8211; Bella tourmaline planchita de pelo led"},"content":{"rendered":"<p>La Planchita Elegance Bella Tourmaline de GA.MA posee un dise\u00f1o ultra Slim y patines recubiertos de tourmaline Mango de f\u00e1cil agarre adem\u00e1s de tecnolog\u00eda micro shine, proveyendo pigmentos de brillo extra al cabello, potenciando la iluminaci\u00f3n natural del mismo, tambi\u00e9n Sistema quick heat, en pocos segundos alcanza la temperatura ideal para su uso<\/p>\n<p>Caracter\u00edsticas:<\/p>\n<ul>\n<li>Dise\u00f1o ultra Slim y patines recubiertos de tourmaline de 25\u00d7120 mm.<\/li>\n<li>Mango de f\u00e1cil agarre y posee una traba para mantener cerrada. Dise\u00f1o ultra plano y f\u00e1cil de manejar.<\/li>\n<li>Tecnolog\u00eda micro shine, proveyendo pigmentos de brillo extra al cabello, potenciando la iluminaci\u00f3n natural del mismo.<\/li>\n<li>Sistema quick heat, en pocos segundos alcanza la temperatura ideal para su uso.<\/li>\n<li>Sus patines flotantes generar\u00e1n una perfecta adaptaci\u00f3n a la inclinaci\u00f3n o cualquier giro que requieres con la plancha, ya sea para alisados parejos o rulos definidos. Ideal para cabellos delicados y quebradizos.<br \/>\n\tVoltaje universal.<\/li>\n<li>Temperatura de 230\u00b0C.<\/li>\n<li>Cable giratorio 360\u00b0.<\/li>\n<\/ul>\n","protected":false},"excerpt":{"rendered":"<p>La Planchita Elegance Bella Tourmaline de GA.MA posee un dise\u00f1o ultra Slim y patines recubiertos de tourmaline Mango de f\u00e1cil&#8230;<\/p>\n","protected":false},"featured_media":0,"comment_status":"open","ping_status":"closed","template":"","meta":[],"product_brand":[1479],"product_cat":[],"product_tag":[],"class_list":{"0":"post-7010","1":"product","2":"type-product","3":"status-publish","5":"product_brand-gama","7":"first","8":"instock","9":"shipping-taxable","10":"purchasable","11":"product-type-simple"},"_links":{"self":[{"href":"https:\/\/parisparis.movilizame.com.ar\/index.php?rest_route=\/wp\/v2\/product\/7010","targetHints":{"allow":["GET"]}}],"collection":[{"href":"https:\/\/parisparis.movilizame.com.ar\/index.php?rest_route=\/wp\/v2\/product"}],"about":[{"href":"https:\/\/parisparis.movilizame.com.ar\/index.php?rest_route=\/wp\/v2\/types\/product"}],"replies":[{"embeddable":true,"href":"https:\/\/parisparis.movilizame.com.ar\/index.php?rest_route=%2Fwp%2Fv2%2Fcomments&post=7010"}],"wp:attachment":[{"href":"https:\/\/parisparis.movilizame.com.ar\/index.php?rest_route=%2Fwp%2Fv2%2Fmedia&parent=7010"}],"wp:term":[{"taxonomy":"product_brand","embeddable":true,"href":"https:\/\/parisparis.movilizame.com.ar\/index.php?rest_route=%2Fwp%2Fv2%2Fproduct_brand&post=7010"},{"taxonomy":"product_cat","embeddable":true,"href":"https:\/\/parisparis.movilizame.com.ar\/index.php?rest_route=%2Fwp%2Fv2%2Fproduct_cat&post=7010"},{"taxonomy":"product_tag","embeddable":true,"href":"https:\/\/parisparis.movilizame.com.ar\/index.php?rest_route=%2Fwp%2Fv2%2Fproduct_tag&post=7010"}],"curies":[{"name":"wp","href":"https:\/\/api.w.org\/{rel}","templated":true}]}}