{"id":7004,"date":"2022-03-16T19:30:58","date_gmt":"2022-03-16T22:30:58","guid":{"rendered":"http:\/\/wp-paris-paris.test\/?product=carolina-herrera-212-heroes-forever-young-edp-x-30-ml"},"modified":"2026-03-02T12:45:45","modified_gmt":"2026-03-02T15:45:45","slug":"carolina-herrera-212-heroes-forever-young-edp-x-30-ml","status":"publish","type":"product","link":"https:\/\/parisparis.movilizame.com.ar\/?product=carolina-herrera-212-heroes-forever-young-edp-x-30-ml","title":{"rendered":"CAROLINA HERRERA &#8211; 212 HEROES WOMAN FOREVER YOUNG EDP"},"content":{"rendered":"<p>212 Heroes For Her es floral, atrevida y efervescente, como la mujer que la lleva.<\/p>\n<p>Formulada con ingredientes totalmente veganos, de origen sostenible y no testados en animales.<\/p>\n<p>Esta fragancia se abre con una explosi\u00f3n de frutas c\u00edtricas que dan paso a una nota central de sensuales flores blancas y peon\u00edas.<\/p>\n<p>La adictiva base de s\u00e1ndalo y cedro a\u00f1ade profundidad, y persiste durante horas sobre la piel..<\/p>\n<p>Notas predominantes: mandarina, frambuesa, flores de jazmin,naranja,cedr\u00f3 y s\u00e1ndalo<\/p>\n","protected":false},"excerpt":{"rendered":"<p>212 Heroes For Her es floral, atrevida y efervescente, como la mujer que la lleva. Formulada con ingredientes totalmente veganos,&#8230;<\/p>\n","protected":false},"featured_media":7796,"comment_status":"open","ping_status":"closed","template":"","meta":[],"product_brand":[1406],"product_cat":[],"product_tag":[],"class_list":{"0":"post-7004","1":"product","2":"type-product","3":"status-publish","4":"has-post-thumbnail","6":"product_brand-carolina-herrera","8":"first","9":"outofstock","10":"shipping-taxable","11":"purchasable","12":"product-type-variable"},"_links":{"self":[{"href":"https:\/\/parisparis.movilizame.com.ar\/index.php?rest_route=\/wp\/v2\/product\/7004","targetHints":{"allow":["GET"]}}],"collection":[{"href":"https:\/\/parisparis.movilizame.com.ar\/index.php?rest_route=\/wp\/v2\/product"}],"about":[{"href":"https:\/\/parisparis.movilizame.com.ar\/index.php?rest_route=\/wp\/v2\/types\/product"}],"replies":[{"embeddable":true,"href":"https:\/\/parisparis.movilizame.com.ar\/index.php?rest_route=%2Fwp%2Fv2%2Fcomments&post=7004"}],"wp:featuredmedia":[{"embeddable":true,"href":"https:\/\/parisparis.movilizame.com.ar\/index.php?rest_route=\/wp\/v2\/media\/7796"}],"wp:attachment":[{"href":"https:\/\/parisparis.movilizame.com.ar\/index.php?rest_route=%2Fwp%2Fv2%2Fmedia&parent=7004"}],"wp:term":[{"taxonomy":"product_brand","embeddable":true,"href":"https:\/\/parisparis.movilizame.com.ar\/index.php?rest_route=%2Fwp%2Fv2%2Fproduct_brand&post=7004"},{"taxonomy":"product_cat","embeddable":true,"href":"https:\/\/parisparis.movilizame.com.ar\/index.php?rest_route=%2Fwp%2Fv2%2Fproduct_cat&post=7004"},{"taxonomy":"product_tag","embeddable":true,"href":"https:\/\/parisparis.movilizame.com.ar\/index.php?rest_route=%2Fwp%2Fv2%2Fproduct_tag&post=7004"}],"curies":[{"name":"wp","href":"https:\/\/api.w.org\/{rel}","templated":true}]}}