{"id":6997,"date":"2022-02-21T22:05:27","date_gmt":"2022-02-22T01:05:27","guid":{"rendered":"http:\/\/wp-paris-paris.test\/?product=gama-diamond-ceramic-professional-hairdryer"},"modified":"2025-10-28T19:19:46","modified_gmt":"2025-10-28T22:19:46","slug":"gama-diamond-ceramic-professional-hairdryer","status":"publish","type":"product","link":"https:\/\/parisparis.movilizame.com.ar\/?product=gama-diamond-ceramic-professional-hairdryer","title":{"rendered":"GAMA &#8211; Diamond Ceramic professional hairdryer"},"content":{"rendered":"<p>El secador de pelo Gama Diamond Ceramic es liviano y pr\u00e1ctico con un motor DC de 2300W. Ofrece un secado r\u00e1pido, eficiente y seguro gracias a las tecnolog\u00edas Ceramic Ion y Nano Silver presentes.Los motores DC son para secadores de uso hogare\u00f1o, ya que son livianos pero de altas prestaciones, con lo cual vas a tener un producto con una gran capacidad de secado en una herramienta liviana y de bajo nivel de ruido.<\/p>\n<h3>Beneficios:<\/h3>\n<p>Ceramic Ion: la rejilla del secador est\u00e1 revestida en cer\u00e1mica, que tiene la capacidad de transmitir altas temperaturas de manera constante y r\u00e1pida, a la vez que emite gran cantidad de iones negativos que neutralizan el frizz permitiendo un cabello m\u00e1s sano.Cuenta con 6 combinaciones posibles de 2 velocidades y 3 temperaturas, que te dan una combinaci\u00f3n de 6 temperaturas diferentes. Tambi\u00e9n, tiene un bot\u00f3n de fr\u00edo, cuya funci\u00f3n es fijar el peinado y darle brillo.El largo del cable es de 1.7 metros de largo, que te va a permitir manejar el secador de cabello sin limitaciones.Viene con 1 boquilla.<\/p>\n","protected":false},"excerpt":{"rendered":"<p>El secador de pelo Gama Diamond Ceramic es liviano y pr\u00e1ctico con un motor DC de 2300W. Ofrece un secado&#8230;<\/p>\n","protected":false},"featured_media":0,"comment_status":"open","ping_status":"closed","template":"","meta":[],"product_brand":[1479],"product_cat":[],"product_tag":[],"class_list":{"0":"post-6997","1":"product","2":"type-product","3":"status-publish","5":"product_brand-gama","7":"first","8":"instock","9":"shipping-taxable","10":"purchasable","11":"product-type-simple"},"_links":{"self":[{"href":"https:\/\/parisparis.movilizame.com.ar\/index.php?rest_route=\/wp\/v2\/product\/6997","targetHints":{"allow":["GET"]}}],"collection":[{"href":"https:\/\/parisparis.movilizame.com.ar\/index.php?rest_route=\/wp\/v2\/product"}],"about":[{"href":"https:\/\/parisparis.movilizame.com.ar\/index.php?rest_route=\/wp\/v2\/types\/product"}],"replies":[{"embeddable":true,"href":"https:\/\/parisparis.movilizame.com.ar\/index.php?rest_route=%2Fwp%2Fv2%2Fcomments&post=6997"}],"wp:attachment":[{"href":"https:\/\/parisparis.movilizame.com.ar\/index.php?rest_route=%2Fwp%2Fv2%2Fmedia&parent=6997"}],"wp:term":[{"taxonomy":"product_brand","embeddable":true,"href":"https:\/\/parisparis.movilizame.com.ar\/index.php?rest_route=%2Fwp%2Fv2%2Fproduct_brand&post=6997"},{"taxonomy":"product_cat","embeddable":true,"href":"https:\/\/parisparis.movilizame.com.ar\/index.php?rest_route=%2Fwp%2Fv2%2Fproduct_cat&post=6997"},{"taxonomy":"product_tag","embeddable":true,"href":"https:\/\/parisparis.movilizame.com.ar\/index.php?rest_route=%2Fwp%2Fv2%2Fproduct_tag&post=6997"}],"curies":[{"name":"wp","href":"https:\/\/api.w.org\/{rel}","templated":true}]}}