{"id":6987,"date":"2022-01-29T14:26:08","date_gmt":"2022-01-29T17:26:08","guid":{"rendered":"http:\/\/wp-paris-paris.test\/?product=tangle-teezer-cepillo-mini-wet-detangler"},"modified":"2025-10-28T19:42:41","modified_gmt":"2025-10-28T22:42:41","slug":"tangle-teezer-cepillo-mini-wet-detangler","status":"publish","type":"product","link":"https:\/\/parisparis.movilizame.com.ar\/?product=tangle-teezer-cepillo-mini-wet-detangler","title":{"rendered":"TANGLE TEEZER &#8211; Cepillo MINI Wet Detangler"},"content":{"rendered":"<p>Productos importados desde Inglaterra.<\/p>\n<p>Usando la misma tecnolog\u00eda de dientes patentada de dos niveles que The Wet Detangler, este nuevo tama\u00f1o es perfecto para viajar y tiene un elegante orificio para llavero en el asa que le permite sujetarlo a su bolso.<\/p>\n<p>Aunque es peque\u00f1o, desenreda con seguridad cualquier tipo de cabello, lo que ayuda a reducir la rotura del cabello. El tama\u00f1o mini no significa que sea ideal para los ni\u00f1os. \u00a1Tambi\u00e9n es perfecto para adultos!<\/p>\n<p>* Sugerencia: se puede usar en cabello seco o h\u00famedo, es ideal para desenredar las puntas y los flecos y para distribuir tratamientos acondicionadores en el cabello mojado.<\/p>\n<p>Nuestros dientes patentados tienen tecnolog\u00eda de dos niveles con flexibilidad adicional para el cabello mojado. Los dientes largos y flexibles se desenredan, eliminan los nudos y reducen la rotura, mientras que los dientes cortos se suavizan para lograr un cabello brillante y sin frizz.&nbsp;<\/p>\n","protected":false},"excerpt":{"rendered":"<p>Productos importados desde Inglaterra. Usando la misma tecnolog\u00eda de dientes patentada de dos niveles que The Wet Detangler, este nuevo&#8230;<\/p>\n","protected":false},"featured_media":7786,"comment_status":"open","ping_status":"closed","template":"","meta":[],"product_brand":[1461],"product_cat":[],"product_tag":[],"class_list":{"0":"post-6987","1":"product","2":"type-product","3":"status-publish","4":"has-post-thumbnail","6":"product_brand-tangle-teezer","8":"first","9":"instock","10":"shipping-taxable","11":"purchasable","12":"product-type-simple"},"_links":{"self":[{"href":"https:\/\/parisparis.movilizame.com.ar\/index.php?rest_route=\/wp\/v2\/product\/6987","targetHints":{"allow":["GET"]}}],"collection":[{"href":"https:\/\/parisparis.movilizame.com.ar\/index.php?rest_route=\/wp\/v2\/product"}],"about":[{"href":"https:\/\/parisparis.movilizame.com.ar\/index.php?rest_route=\/wp\/v2\/types\/product"}],"replies":[{"embeddable":true,"href":"https:\/\/parisparis.movilizame.com.ar\/index.php?rest_route=%2Fwp%2Fv2%2Fcomments&post=6987"}],"wp:featuredmedia":[{"embeddable":true,"href":"https:\/\/parisparis.movilizame.com.ar\/index.php?rest_route=\/wp\/v2\/media\/7786"}],"wp:attachment":[{"href":"https:\/\/parisparis.movilizame.com.ar\/index.php?rest_route=%2Fwp%2Fv2%2Fmedia&parent=6987"}],"wp:term":[{"taxonomy":"product_brand","embeddable":true,"href":"https:\/\/parisparis.movilizame.com.ar\/index.php?rest_route=%2Fwp%2Fv2%2Fproduct_brand&post=6987"},{"taxonomy":"product_cat","embeddable":true,"href":"https:\/\/parisparis.movilizame.com.ar\/index.php?rest_route=%2Fwp%2Fv2%2Fproduct_cat&post=6987"},{"taxonomy":"product_tag","embeddable":true,"href":"https:\/\/parisparis.movilizame.com.ar\/index.php?rest_route=%2Fwp%2Fv2%2Fproduct_tag&post=6987"}],"curies":[{"name":"wp","href":"https:\/\/api.w.org\/{rel}","templated":true}]}}