{"id":6985,"date":"2022-01-29T14:11:03","date_gmt":"2022-01-29T17:11:03","guid":{"rendered":"http:\/\/wp-paris-paris.test\/?product=tangle-teezer-the-original-el-cepillo-definitivo-para-desenredar"},"modified":"2025-10-28T19:42:41","modified_gmt":"2025-10-28T22:42:41","slug":"tangle-teezer-the-original-el-cepillo-definitivo-para-desenredar","status":"publish","type":"product","link":"https:\/\/parisparis.movilizame.com.ar\/?product=tangle-teezer-the-original-el-cepillo-definitivo-para-desenredar","title":{"rendered":"TANGLE TEEZER The Original &#8211; el cepillo definitivo para desenredar."},"content":{"rendered":"<p>Nuestro primer invento, The Original el cepillo definitivo para desenredar.<\/p>\n<p>Usando nuestra innovadora tecnolog\u00eda de sistema de dientes de dos niveles, se desenreda con un m\u00ednimo esfuerzo, rotura y da\u00f1o, dejando el cabello suave, suave y brillante.<\/p>\n<p>Productos importados, desde Inglaterra.&nbsp;<\/p>\n","protected":false},"excerpt":{"rendered":"<p>Nuestro primer invento, The Original el cepillo definitivo para desenredar. Usando nuestra innovadora tecnolog\u00eda de sistema de dientes de dos&#8230;<\/p>\n","protected":false},"featured_media":7784,"comment_status":"open","ping_status":"closed","template":"","meta":[],"product_brand":[1461],"product_cat":[],"product_tag":[],"class_list":{"0":"post-6985","1":"product","2":"type-product","3":"status-publish","4":"has-post-thumbnail","6":"product_brand-tangle-teezer","8":"first","9":"instock","10":"shipping-taxable","11":"purchasable","12":"product-type-simple"},"_links":{"self":[{"href":"https:\/\/parisparis.movilizame.com.ar\/index.php?rest_route=\/wp\/v2\/product\/6985","targetHints":{"allow":["GET"]}}],"collection":[{"href":"https:\/\/parisparis.movilizame.com.ar\/index.php?rest_route=\/wp\/v2\/product"}],"about":[{"href":"https:\/\/parisparis.movilizame.com.ar\/index.php?rest_route=\/wp\/v2\/types\/product"}],"replies":[{"embeddable":true,"href":"https:\/\/parisparis.movilizame.com.ar\/index.php?rest_route=%2Fwp%2Fv2%2Fcomments&post=6985"}],"wp:featuredmedia":[{"embeddable":true,"href":"https:\/\/parisparis.movilizame.com.ar\/index.php?rest_route=\/wp\/v2\/media\/7784"}],"wp:attachment":[{"href":"https:\/\/parisparis.movilizame.com.ar\/index.php?rest_route=%2Fwp%2Fv2%2Fmedia&parent=6985"}],"wp:term":[{"taxonomy":"product_brand","embeddable":true,"href":"https:\/\/parisparis.movilizame.com.ar\/index.php?rest_route=%2Fwp%2Fv2%2Fproduct_brand&post=6985"},{"taxonomy":"product_cat","embeddable":true,"href":"https:\/\/parisparis.movilizame.com.ar\/index.php?rest_route=%2Fwp%2Fv2%2Fproduct_cat&post=6985"},{"taxonomy":"product_tag","embeddable":true,"href":"https:\/\/parisparis.movilizame.com.ar\/index.php?rest_route=%2Fwp%2Fv2%2Fproduct_tag&post=6985"}],"curies":[{"name":"wp","href":"https:\/\/api.w.org\/{rel}","templated":true}]}}