{"id":6984,"date":"2022-01-29T12:48:56","date_gmt":"2022-01-29T15:48:56","guid":{"rendered":"http:\/\/wp-paris-paris.test\/?product=la-pasionaria-aceite-de-bano-y-masajes-almendras-dulces"},"modified":"2025-10-28T19:44:52","modified_gmt":"2025-10-28T22:44:52","slug":"la-pasionaria-aceite-de-bano-y-masajes-almendras-dulces","status":"publish","type":"product","link":"https:\/\/parisparis.movilizame.com.ar\/?product=la-pasionaria-aceite-de-bano-y-masajes-almendras-dulces","title":{"rendered":"LA PASIONARIA &#8211; Aceite de Ba\u00f1o y Masajes Almendras dulces"},"content":{"rendered":"<p>El Aceite de ba\u00f1o y masajes es una combinaci\u00f3n concentrada de aceites naturales y esencias estimulantes. Para un masaje terape\u00fatico, para hidratar la piel despu\u00e9s de la ducha, o vertiendo una medida en agua tibia para un ba\u00f1o relajante y perfumado.<br \/>\nEste aceite de ba\u00f1o y masajes tiene el tono emoliente y exquisito de las almendras dulces. Rico, suave e intenso, alimenta y nutre tanto la piel como el estado de \u00e1nimo.<\/p>\n<h1><\/h1>\n","protected":false},"excerpt":{"rendered":"<p>El Aceite de ba\u00f1o y masajes es una combinaci\u00f3n concentrada de aceites naturales y esencias estimulantes. Para un masaje terape\u00fatico,&#8230;<\/p>\n","protected":false},"featured_media":7783,"comment_status":"open","ping_status":"closed","template":"","meta":[],"product_brand":[1483],"product_cat":[],"product_tag":[],"class_list":{"0":"post-6984","1":"product","2":"type-product","3":"status-publish","4":"has-post-thumbnail","6":"product_brand-la-pasionaria","8":"first","9":"instock","10":"shipping-taxable","11":"purchasable","12":"product-type-simple"},"_links":{"self":[{"href":"https:\/\/parisparis.movilizame.com.ar\/index.php?rest_route=\/wp\/v2\/product\/6984","targetHints":{"allow":["GET"]}}],"collection":[{"href":"https:\/\/parisparis.movilizame.com.ar\/index.php?rest_route=\/wp\/v2\/product"}],"about":[{"href":"https:\/\/parisparis.movilizame.com.ar\/index.php?rest_route=\/wp\/v2\/types\/product"}],"replies":[{"embeddable":true,"href":"https:\/\/parisparis.movilizame.com.ar\/index.php?rest_route=%2Fwp%2Fv2%2Fcomments&post=6984"}],"wp:featuredmedia":[{"embeddable":true,"href":"https:\/\/parisparis.movilizame.com.ar\/index.php?rest_route=\/wp\/v2\/media\/7783"}],"wp:attachment":[{"href":"https:\/\/parisparis.movilizame.com.ar\/index.php?rest_route=%2Fwp%2Fv2%2Fmedia&parent=6984"}],"wp:term":[{"taxonomy":"product_brand","embeddable":true,"href":"https:\/\/parisparis.movilizame.com.ar\/index.php?rest_route=%2Fwp%2Fv2%2Fproduct_brand&post=6984"},{"taxonomy":"product_cat","embeddable":true,"href":"https:\/\/parisparis.movilizame.com.ar\/index.php?rest_route=%2Fwp%2Fv2%2Fproduct_cat&post=6984"},{"taxonomy":"product_tag","embeddable":true,"href":"https:\/\/parisparis.movilizame.com.ar\/index.php?rest_route=%2Fwp%2Fv2%2Fproduct_tag&post=6984"}],"curies":[{"name":"wp","href":"https:\/\/api.w.org\/{rel}","templated":true}]}}