{"id":6971,"date":"2022-01-21T23:52:34","date_gmt":"2022-01-22T02:52:34","guid":{"rendered":"http:\/\/wp-paris-paris.test\/?product=dior-sauvage-edp-100ml-x-100-ml"},"modified":"2025-11-14T18:54:54","modified_gmt":"2025-11-14T21:54:54","slug":"dior-sauvage-edp-100ml-x-100-ml","status":"publish","type":"product","link":"https:\/\/parisparis.movilizame.com.ar\/?product=dior-sauvage-edp-100ml-x-100-ml","title":{"rendered":"DIOR &#8211; SAUVAGE EDP"},"content":{"rendered":"<p><b>Sauvage Eau de Parfum<\/b>\u00a0de\u00a0<b>Dior<\/b>\u00a0es una fragancia de la familia olfativa Oriental Foug\u00e8re para Hombres.<\/p>\n<p><b>Sauvage Eau de Parfum<\/b> se lanz\u00f3 en 2018. La Nariz detr\u00e1s de esta fragancia es Fran\u00e7ois Demachy.<\/p>\n<p>La Nota de Salida es bergamota; las Notas de Coraz\u00f3n son pimienta de Sichuan, lavanda, an\u00eds estrellado y nuez moscada; las Notas de Fondo son ambroxan y vainilla.<\/p>\n","protected":false},"excerpt":{"rendered":"<p>Sauvage Eau de Parfum\u00a0de\u00a0Dior\u00a0es una fragancia de la familia olfativa Oriental Foug\u00e8re para Hombres. Sauvage Eau de Parfum se lanz\u00f3&#8230;<\/p>\n","protected":false},"featured_media":7772,"comment_status":"open","ping_status":"closed","template":"","meta":[],"product_brand":[1416],"product_cat":[],"product_tag":[],"class_list":{"0":"post-6971","1":"product","2":"type-product","3":"status-publish","4":"has-post-thumbnail","6":"product_brand-dior","8":"first","9":"instock","10":"shipping-taxable","11":"purchasable","12":"product-type-variable"},"_links":{"self":[{"href":"https:\/\/parisparis.movilizame.com.ar\/index.php?rest_route=\/wp\/v2\/product\/6971","targetHints":{"allow":["GET"]}}],"collection":[{"href":"https:\/\/parisparis.movilizame.com.ar\/index.php?rest_route=\/wp\/v2\/product"}],"about":[{"href":"https:\/\/parisparis.movilizame.com.ar\/index.php?rest_route=\/wp\/v2\/types\/product"}],"replies":[{"embeddable":true,"href":"https:\/\/parisparis.movilizame.com.ar\/index.php?rest_route=%2Fwp%2Fv2%2Fcomments&post=6971"}],"wp:featuredmedia":[{"embeddable":true,"href":"https:\/\/parisparis.movilizame.com.ar\/index.php?rest_route=\/wp\/v2\/media\/7772"}],"wp:attachment":[{"href":"https:\/\/parisparis.movilizame.com.ar\/index.php?rest_route=%2Fwp%2Fv2%2Fmedia&parent=6971"}],"wp:term":[{"taxonomy":"product_brand","embeddable":true,"href":"https:\/\/parisparis.movilizame.com.ar\/index.php?rest_route=%2Fwp%2Fv2%2Fproduct_brand&post=6971"},{"taxonomy":"product_cat","embeddable":true,"href":"https:\/\/parisparis.movilizame.com.ar\/index.php?rest_route=%2Fwp%2Fv2%2Fproduct_cat&post=6971"},{"taxonomy":"product_tag","embeddable":true,"href":"https:\/\/parisparis.movilizame.com.ar\/index.php?rest_route=%2Fwp%2Fv2%2Fproduct_tag&post=6971"}],"curies":[{"name":"wp","href":"https:\/\/api.w.org\/{rel}","templated":true}]}}