{"id":6968,"date":"2022-01-21T23:11:25","date_gmt":"2022-01-22T02:11:25","guid":{"rendered":"http:\/\/wp-paris-paris.test\/?product=kiss-balsamos-frutales"},"modified":"2025-10-28T19:52:17","modified_gmt":"2025-10-28T22:52:17","slug":"kiss-balsamos-frutales","status":"publish","type":"product","link":"https:\/\/parisparis.movilizame.com.ar\/?product=kiss-balsamos-frutales","title":{"rendered":"REVLON &#8211; Kiss B\u00e1lsamos &#8211; Frutales"},"content":{"rendered":"<p>B\u00e1lsamo para labios instant\u00e1neamente m\u00e1s suaves y besables. F\u00f3rmula hidratante a base de aceites frutales naturales con color. Sabor frutal.&nbsp;Tiene FPS 20 y est\u00e1 disponible en tonos:<\/p>\n<p>025 FRESH STRAWBERRY<\/p>\n<p>015 JUICY PEACH<\/p>\n","protected":false},"excerpt":{"rendered":"<p>B\u00e1lsamo para labios instant\u00e1neamente m\u00e1s suaves y besables. F\u00f3rmula hidratante a base de aceites frutales naturales con color. Sabor frutal.&nbsp;Tiene&#8230;<\/p>\n","protected":false},"featured_media":7770,"comment_status":"open","ping_status":"closed","template":"","meta":[],"product_brand":[1428],"product_cat":[],"product_tag":[],"class_list":{"0":"post-6968","1":"product","2":"type-product","3":"status-publish","4":"has-post-thumbnail","6":"product_brand-revlon","8":"first","9":"instock","10":"shipping-taxable","11":"purchasable","12":"product-type-simple"},"_links":{"self":[{"href":"https:\/\/parisparis.movilizame.com.ar\/index.php?rest_route=\/wp\/v2\/product\/6968","targetHints":{"allow":["GET"]}}],"collection":[{"href":"https:\/\/parisparis.movilizame.com.ar\/index.php?rest_route=\/wp\/v2\/product"}],"about":[{"href":"https:\/\/parisparis.movilizame.com.ar\/index.php?rest_route=\/wp\/v2\/types\/product"}],"replies":[{"embeddable":true,"href":"https:\/\/parisparis.movilizame.com.ar\/index.php?rest_route=%2Fwp%2Fv2%2Fcomments&post=6968"}],"wp:featuredmedia":[{"embeddable":true,"href":"https:\/\/parisparis.movilizame.com.ar\/index.php?rest_route=\/wp\/v2\/media\/7770"}],"wp:attachment":[{"href":"https:\/\/parisparis.movilizame.com.ar\/index.php?rest_route=%2Fwp%2Fv2%2Fmedia&parent=6968"}],"wp:term":[{"taxonomy":"product_brand","embeddable":true,"href":"https:\/\/parisparis.movilizame.com.ar\/index.php?rest_route=%2Fwp%2Fv2%2Fproduct_brand&post=6968"},{"taxonomy":"product_cat","embeddable":true,"href":"https:\/\/parisparis.movilizame.com.ar\/index.php?rest_route=%2Fwp%2Fv2%2Fproduct_cat&post=6968"},{"taxonomy":"product_tag","embeddable":true,"href":"https:\/\/parisparis.movilizame.com.ar\/index.php?rest_route=%2Fwp%2Fv2%2Fproduct_tag&post=6968"}],"curies":[{"name":"wp","href":"https:\/\/api.w.org\/{rel}","templated":true}]}}