{"id":6967,"date":"2022-01-21T17:02:45","date_gmt":"2022-01-21T20:02:45","guid":{"rendered":"http:\/\/wp-paris-paris.test\/?product=highlight"},"modified":"2025-11-04T10:57:27","modified_gmt":"2025-11-04T13:57:27","slug":"highlight","status":"publish","type":"product","link":"https:\/\/parisparis.movilizame.com.ar\/?product=highlight","title":{"rendered":"RIMMEL &#8211; High&#8217;Light"},"content":{"rendered":"<p>Rimmel High&#8217;Light es un polvo iluminador ligero que deja la piel radiante y fresca. Formulado con pigmentos s\u00faper reflectantes para una textura de polvo suave y mantecosa. Convierta f\u00e1cilmente un suave resplandor en un brillo intenso y reluciente mediante la mezcla y la acumulaci\u00f3n.<\/p>\n<h3>Modo de uso:<\/h3>\n<p>Aplicar RIMMEL High&#8217;light Iluminador en Polvo con brocha sobre la base o sobre la piel desnuda.<\/p>\n","protected":false},"excerpt":{"rendered":"<p>Rimmel High&#8217;Light es un polvo iluminador ligero que deja la piel radiante y fresca. Formulado con pigmentos s\u00faper reflectantes para&#8230;<\/p>\n","protected":false},"featured_media":7769,"comment_status":"open","ping_status":"closed","template":"","meta":[],"product_brand":[1436],"product_cat":[],"product_tag":[],"class_list":{"0":"post-6967","1":"product","2":"type-product","3":"status-publish","4":"has-post-thumbnail","6":"product_brand-rimmel","8":"first","9":"instock","10":"shipping-taxable","11":"purchasable","12":"product-type-simple"},"_links":{"self":[{"href":"https:\/\/parisparis.movilizame.com.ar\/index.php?rest_route=\/wp\/v2\/product\/6967","targetHints":{"allow":["GET"]}}],"collection":[{"href":"https:\/\/parisparis.movilizame.com.ar\/index.php?rest_route=\/wp\/v2\/product"}],"about":[{"href":"https:\/\/parisparis.movilizame.com.ar\/index.php?rest_route=\/wp\/v2\/types\/product"}],"replies":[{"embeddable":true,"href":"https:\/\/parisparis.movilizame.com.ar\/index.php?rest_route=%2Fwp%2Fv2%2Fcomments&post=6967"}],"wp:featuredmedia":[{"embeddable":true,"href":"https:\/\/parisparis.movilizame.com.ar\/index.php?rest_route=\/wp\/v2\/media\/7769"}],"wp:attachment":[{"href":"https:\/\/parisparis.movilizame.com.ar\/index.php?rest_route=%2Fwp%2Fv2%2Fmedia&parent=6967"}],"wp:term":[{"taxonomy":"product_brand","embeddable":true,"href":"https:\/\/parisparis.movilizame.com.ar\/index.php?rest_route=%2Fwp%2Fv2%2Fproduct_brand&post=6967"},{"taxonomy":"product_cat","embeddable":true,"href":"https:\/\/parisparis.movilizame.com.ar\/index.php?rest_route=%2Fwp%2Fv2%2Fproduct_cat&post=6967"},{"taxonomy":"product_tag","embeddable":true,"href":"https:\/\/parisparis.movilizame.com.ar\/index.php?rest_route=%2Fwp%2Fv2%2Fproduct_tag&post=6967"}],"curies":[{"name":"wp","href":"https:\/\/api.w.org\/{rel}","templated":true}]}}