{"id":6966,"date":"2022-01-21T17:00:20","date_gmt":"2022-01-21T20:00:20","guid":{"rendered":"http:\/\/wp-paris-paris.test\/?product=natural-bronzer-sunset"},"modified":"2025-11-04T10:57:35","modified_gmt":"2025-11-04T13:57:35","slug":"natural-bronzer-sunset","status":"publish","type":"product","link":"https:\/\/parisparis.movilizame.com.ar\/?product=natural-bronzer-sunset","title":{"rendered":"RIMMEL &#8211; NATURAL BRONZER SUNSET"},"content":{"rendered":"<p>Rimmel Natural Bronzer Bronceador en Polvo con SPF 15te aporta un bronceado natural en tu piel sin necesidad de exponerte el sol.<\/p>\n<p>Con una textura aterciopelada y resistente al agua Rimmel Natural Bronzer Bronceador en Polvo se integra con tu piel de forma uniforme aport\u00e1ndote as\u00ed un bronceado natural con hasta diez horas de duraci\u00f3n<\/p>\n<p>Su acabado mate lo hace perfecto tanto para broncear como para contornear el rostro. \u00dasalo tambi\u00e9n en cuello y escote para conseguir un look aun m\u00e1s natural.<\/p>\n<p>&nbsp;<\/p>\n","protected":false},"excerpt":{"rendered":"<p>Rimmel Natural Bronzer Bronceador en Polvo con SPF 15te aporta un bronceado natural en tu piel sin necesidad de exponerte&#8230;<\/p>\n","protected":false},"featured_media":7768,"comment_status":"open","ping_status":"closed","template":"","meta":[],"product_brand":[1436],"product_cat":[],"product_tag":[],"class_list":{"0":"post-6966","1":"product","2":"type-product","3":"status-publish","4":"has-post-thumbnail","6":"product_brand-rimmel","8":"first","9":"instock","10":"shipping-taxable","11":"purchasable","12":"product-type-simple"},"_links":{"self":[{"href":"https:\/\/parisparis.movilizame.com.ar\/index.php?rest_route=\/wp\/v2\/product\/6966","targetHints":{"allow":["GET"]}}],"collection":[{"href":"https:\/\/parisparis.movilizame.com.ar\/index.php?rest_route=\/wp\/v2\/product"}],"about":[{"href":"https:\/\/parisparis.movilizame.com.ar\/index.php?rest_route=\/wp\/v2\/types\/product"}],"replies":[{"embeddable":true,"href":"https:\/\/parisparis.movilizame.com.ar\/index.php?rest_route=%2Fwp%2Fv2%2Fcomments&post=6966"}],"wp:featuredmedia":[{"embeddable":true,"href":"https:\/\/parisparis.movilizame.com.ar\/index.php?rest_route=\/wp\/v2\/media\/7768"}],"wp:attachment":[{"href":"https:\/\/parisparis.movilizame.com.ar\/index.php?rest_route=%2Fwp%2Fv2%2Fmedia&parent=6966"}],"wp:term":[{"taxonomy":"product_brand","embeddable":true,"href":"https:\/\/parisparis.movilizame.com.ar\/index.php?rest_route=%2Fwp%2Fv2%2Fproduct_brand&post=6966"},{"taxonomy":"product_cat","embeddable":true,"href":"https:\/\/parisparis.movilizame.com.ar\/index.php?rest_route=%2Fwp%2Fv2%2Fproduct_cat&post=6966"},{"taxonomy":"product_tag","embeddable":true,"href":"https:\/\/parisparis.movilizame.com.ar\/index.php?rest_route=%2Fwp%2Fv2%2Fproduct_tag&post=6966"}],"curies":[{"name":"wp","href":"https:\/\/api.w.org\/{rel}","templated":true}]}}