{"id":6956,"date":"2021-12-06T13:58:44","date_gmt":"2021-12-06T16:58:44","guid":{"rendered":"http:\/\/wp-paris-paris.test\/?product=marchand-d-aromes-aromatizadores"},"modified":"2025-11-08T10:53:26","modified_gmt":"2025-11-08T13:53:26","slug":"marchand-d-aromes-aromatizadores","status":"publish","type":"product","link":"https:\/\/parisparis.movilizame.com.ar\/?product=marchand-d-aromes-aromatizadores","title":{"rendered":"MARCHAND DE AROMES &#8211; AROMATIZADORES"},"content":{"rendered":"<p>En sus versiones:&nbsp;<\/p>\n<p>Jazm\u00edn &amp; S\u00e1ndalo<\/p>\n<p>Bergamota &amp; Orqu\u00eddea&nbsp;<\/p>\n<p>Verbena &amp; Lim\u00f3n&nbsp;<\/p>\n","protected":false},"excerpt":{"rendered":"<p>En sus versiones:&nbsp; Jazm\u00edn &amp; S\u00e1ndalo Bergamota &amp; Orqu\u00eddea&nbsp; Verbena &amp; Lim\u00f3n&nbsp;<\/p>\n","protected":false},"featured_media":7759,"comment_status":"open","ping_status":"closed","template":"","meta":[],"product_brand":[1451],"product_cat":[],"product_tag":[],"class_list":{"0":"post-6956","1":"product","2":"type-product","3":"status-publish","4":"has-post-thumbnail","6":"product_brand-marchand-de-aromes","8":"first","9":"instock","10":"shipping-taxable","11":"purchasable","12":"product-type-simple"},"_links":{"self":[{"href":"https:\/\/parisparis.movilizame.com.ar\/index.php?rest_route=\/wp\/v2\/product\/6956","targetHints":{"allow":["GET"]}}],"collection":[{"href":"https:\/\/parisparis.movilizame.com.ar\/index.php?rest_route=\/wp\/v2\/product"}],"about":[{"href":"https:\/\/parisparis.movilizame.com.ar\/index.php?rest_route=\/wp\/v2\/types\/product"}],"replies":[{"embeddable":true,"href":"https:\/\/parisparis.movilizame.com.ar\/index.php?rest_route=%2Fwp%2Fv2%2Fcomments&post=6956"}],"wp:featuredmedia":[{"embeddable":true,"href":"https:\/\/parisparis.movilizame.com.ar\/index.php?rest_route=\/wp\/v2\/media\/7759"}],"wp:attachment":[{"href":"https:\/\/parisparis.movilizame.com.ar\/index.php?rest_route=%2Fwp%2Fv2%2Fmedia&parent=6956"}],"wp:term":[{"taxonomy":"product_brand","embeddable":true,"href":"https:\/\/parisparis.movilizame.com.ar\/index.php?rest_route=%2Fwp%2Fv2%2Fproduct_brand&post=6956"},{"taxonomy":"product_cat","embeddable":true,"href":"https:\/\/parisparis.movilizame.com.ar\/index.php?rest_route=%2Fwp%2Fv2%2Fproduct_cat&post=6956"},{"taxonomy":"product_tag","embeddable":true,"href":"https:\/\/parisparis.movilizame.com.ar\/index.php?rest_route=%2Fwp%2Fv2%2Fproduct_tag&post=6956"}],"curies":[{"name":"wp","href":"https:\/\/api.w.org\/{rel}","templated":true}]}}