{"id":6942,"date":"2021-11-12T22:26:39","date_gmt":"2021-11-13T01:26:39","guid":{"rendered":"http:\/\/wp-paris-paris.test\/?product=cassandra-rose-blanches-edp-x-100-ml-x-100-ml"},"modified":"2025-11-18T11:05:04","modified_gmt":"2025-11-18T14:05:04","slug":"cassandra-rose-blanches-edp-x-100-ml-x-100-ml","status":"publish","type":"product","link":"https:\/\/parisparis.movilizame.com.ar\/?product=cassandra-rose-blanches-edp-x-100-ml-x-100-ml","title":{"rendered":"JEANNE ARTHES &#8211; CASSANDRA ROSE BLANCHES EDP 100 ML"},"content":{"rendered":"<p>&nbsp;<\/p>\n<p>Cierra los ojos e imag\u00ednate un jard\u00edn florido lleno de las flores m\u00e1s hermosas. As\u00ed es como huele el eau de parfum para mujer Jeanne Arthes Cassandra Roses Blanches, que har\u00e1 brillar tus d\u00edas con sus notas florales.<\/p>\n<p>Notas de Salida: Rosa, grosellas negras y lim\u00f3n (lima \u00e1cida).<br \/>\nNotas de Coraz\u00f3n: Lirio de los valles (muguete), pera, lichi y rosa.<br \/>\nNotas de Fondo: S\u00e1ndalo, \u00e1mbar y durazno (melocot\u00f3n).<\/p>\n","protected":false},"excerpt":{"rendered":"<p>&nbsp; Cierra los ojos e imag\u00ednate un jard\u00edn florido lleno de las flores m\u00e1s hermosas. As\u00ed es como huele el&#8230;<\/p>\n","protected":false},"featured_media":8417,"comment_status":"open","ping_status":"closed","template":"","meta":[],"product_brand":[1417],"product_cat":[],"product_tag":[],"class_list":{"0":"post-6942","1":"product","2":"type-product","3":"status-publish","4":"has-post-thumbnail","6":"product_brand-jeanne-arthes","8":"first","9":"instock","10":"shipping-taxable","11":"purchasable","12":"product-type-simple"},"_links":{"self":[{"href":"https:\/\/parisparis.movilizame.com.ar\/index.php?rest_route=\/wp\/v2\/product\/6942","targetHints":{"allow":["GET"]}}],"collection":[{"href":"https:\/\/parisparis.movilizame.com.ar\/index.php?rest_route=\/wp\/v2\/product"}],"about":[{"href":"https:\/\/parisparis.movilizame.com.ar\/index.php?rest_route=\/wp\/v2\/types\/product"}],"replies":[{"embeddable":true,"href":"https:\/\/parisparis.movilizame.com.ar\/index.php?rest_route=%2Fwp%2Fv2%2Fcomments&post=6942"}],"wp:featuredmedia":[{"embeddable":true,"href":"https:\/\/parisparis.movilizame.com.ar\/index.php?rest_route=\/wp\/v2\/media\/8417"}],"wp:attachment":[{"href":"https:\/\/parisparis.movilizame.com.ar\/index.php?rest_route=%2Fwp%2Fv2%2Fmedia&parent=6942"}],"wp:term":[{"taxonomy":"product_brand","embeddable":true,"href":"https:\/\/parisparis.movilizame.com.ar\/index.php?rest_route=%2Fwp%2Fv2%2Fproduct_brand&post=6942"},{"taxonomy":"product_cat","embeddable":true,"href":"https:\/\/parisparis.movilizame.com.ar\/index.php?rest_route=%2Fwp%2Fv2%2Fproduct_cat&post=6942"},{"taxonomy":"product_tag","embeddable":true,"href":"https:\/\/parisparis.movilizame.com.ar\/index.php?rest_route=%2Fwp%2Fv2%2Fproduct_tag&post=6942"}],"curies":[{"name":"wp","href":"https:\/\/api.w.org\/{rel}","templated":true}]}}