{"id":6933,"date":"2021-11-01T15:53:42","date_gmt":"2021-11-01T18:53:42","guid":{"rendered":"http:\/\/wp-paris-paris.test\/?product=tommy-men-edt-100-ml-x-100-ml"},"modified":"2026-03-03T19:42:50","modified_gmt":"2026-03-03T22:42:50","slug":"tommy-men-edt-100-ml-x-100-ml","status":"publish","type":"product","link":"https:\/\/parisparis.movilizame.com.ar\/?product=tommy-men-edt-100-ml-x-100-ml","title":{"rendered":"TOMMY HILFIGER &#8211; TOMMY MEN EDT 100 ML"},"content":{"rendered":"<p>Tommy for Men es un viaje fresco y vibrante que captura el esp\u00edritu libre del hombre que sigue su propio camino.<\/p>\n<p>Desde el primer instante, una explosi\u00f3n de menta helada, bergamota chispeante, pomelo jugoso y lavanda suave despierta los sentidos, como una brisa limpia que atraviesa un d\u00eda de verano.<br \/>\nEn el coraz\u00f3n, la manzana verde Granny Smith y el ar\u00e1ndano silvestre se funden con la delicadeza de la rosa, evocando la energ\u00eda juvenil de un paseo por la costa, donde la naturaleza y la libertad se encuentran.<br \/>\nEl fondo c\u00e1lido y envolvente de flor de algodonero, cactus y \u00e1mbar deja una estela sutil pero inolvidable, como el recuerdo de un atardecer dorado sobre la piel.<\/p>\n<p><strong>Notas de salida:<\/strong>\u00a0Menta, bergamota, pomelo y lavanda.<br \/>\n<strong>Notas de coraz\u00f3n:<\/strong>\u00a0Manzana Granny Smith, ar\u00e1ndano y rosa.<br \/>\n<strong>Notas de fondo:<\/strong>\u00a0Flor del algodonero, cactus y \u00e1mbar.<\/p>\n","protected":false},"excerpt":{"rendered":"<p>Tommy for Men es un viaje fresco y vibrante que captura el esp\u00edritu libre del hombre que sigue su propio&#8230;<\/p>\n","protected":false},"featured_media":8389,"comment_status":"open","ping_status":"closed","template":"","meta":[],"product_brand":[1487],"product_cat":[],"product_tag":[],"class_list":{"0":"post-6933","1":"product","2":"type-product","3":"status-publish","4":"has-post-thumbnail","6":"product_brand-tommy-hilfiger","8":"first","9":"instock","10":"shipping-taxable","11":"purchasable","12":"product-type-simple"},"_links":{"self":[{"href":"https:\/\/parisparis.movilizame.com.ar\/index.php?rest_route=\/wp\/v2\/product\/6933","targetHints":{"allow":["GET"]}}],"collection":[{"href":"https:\/\/parisparis.movilizame.com.ar\/index.php?rest_route=\/wp\/v2\/product"}],"about":[{"href":"https:\/\/parisparis.movilizame.com.ar\/index.php?rest_route=\/wp\/v2\/types\/product"}],"replies":[{"embeddable":true,"href":"https:\/\/parisparis.movilizame.com.ar\/index.php?rest_route=%2Fwp%2Fv2%2Fcomments&post=6933"}],"wp:featuredmedia":[{"embeddable":true,"href":"https:\/\/parisparis.movilizame.com.ar\/index.php?rest_route=\/wp\/v2\/media\/8389"}],"wp:attachment":[{"href":"https:\/\/parisparis.movilizame.com.ar\/index.php?rest_route=%2Fwp%2Fv2%2Fmedia&parent=6933"}],"wp:term":[{"taxonomy":"product_brand","embeddable":true,"href":"https:\/\/parisparis.movilizame.com.ar\/index.php?rest_route=%2Fwp%2Fv2%2Fproduct_brand&post=6933"},{"taxonomy":"product_cat","embeddable":true,"href":"https:\/\/parisparis.movilizame.com.ar\/index.php?rest_route=%2Fwp%2Fv2%2Fproduct_cat&post=6933"},{"taxonomy":"product_tag","embeddable":true,"href":"https:\/\/parisparis.movilizame.com.ar\/index.php?rest_route=%2Fwp%2Fv2%2Fproduct_tag&post=6933"}],"curies":[{"name":"wp","href":"https:\/\/api.w.org\/{rel}","templated":true}]}}