{"id":6926,"date":"2021-09-27T15:07:43","date_gmt":"2021-09-27T18:07:43","guid":{"rendered":"http:\/\/wp-paris-paris.test\/?product=carolina-herrera-very-good-girl-edp-x-80-ml"},"modified":"2026-03-02T12:45:45","modified_gmt":"2026-03-02T15:45:45","slug":"carolina-herrera-very-good-girl-edp-x-80-ml","status":"publish","type":"product","link":"https:\/\/parisparis.movilizame.com.ar\/?product=carolina-herrera-very-good-girl-edp-x-80-ml","title":{"rendered":"CAROLINA HERRERA &#8211; VERY GOOD GIRL EDP"},"content":{"rendered":"<p>Very Good Girl, un eau de parfum opulento y adictivo<\/p>\n<p><strong>Carolina Herrera<\/strong> ampl\u00eda la familia de perfumes con <strong>Very Good Girl<\/strong>, un stiletto de color rojo que nos prepara para descubrir una composici\u00f3n olfativa intensa y llena de contrastes.<\/p>\n<p>Very Good Girl indaga en <strong>valores aparentemente opuestos<\/strong> pero que no lo son, sino que conforman el car\u00e1cter delicado y fuerte a la vez , inteligencia, belleza, capacidad de decisi\u00f3n y empat\u00eda, son rasgos femeninos que forman parte de la esencia.<\/p>\n<p>Esta <strong>fragancia floral afrutada<\/strong> , interpreta esos valores con notas y acordes olfativos que introducen un <strong>giro inesperado<\/strong>.<\/p>\n<p><strong>Notas superiores:<\/strong> Grosella roja, juguetona y traviesa y el ex\u00f3tico Lichi &#8230;<br \/>\n<strong>Notas intermedias:<\/strong>\u00a0 Rosa, protagonista con mil facetas, cremosa, c\u00e1lida y empolvada.<br \/>\n<strong>Notas finales: <\/strong> el poderoso Vetiver, y vainilla proporcionan un acabado contempor\u00e1neo y sorprendente!<\/p>\n","protected":false},"excerpt":{"rendered":"<p>Very Good Girl, un eau de parfum opulento y adictivo Carolina Herrera ampl\u00eda la familia de perfumes con Very Good&#8230;<\/p>\n","protected":false},"featured_media":8325,"comment_status":"open","ping_status":"closed","template":"","meta":[],"product_brand":[1406],"product_cat":[],"product_tag":[],"class_list":{"0":"post-6926","1":"product","2":"type-product","3":"status-publish","4":"has-post-thumbnail","6":"product_brand-carolina-herrera","8":"first","9":"outofstock","10":"shipping-taxable","11":"purchasable","12":"product-type-variable"},"_links":{"self":[{"href":"https:\/\/parisparis.movilizame.com.ar\/index.php?rest_route=\/wp\/v2\/product\/6926","targetHints":{"allow":["GET"]}}],"collection":[{"href":"https:\/\/parisparis.movilizame.com.ar\/index.php?rest_route=\/wp\/v2\/product"}],"about":[{"href":"https:\/\/parisparis.movilizame.com.ar\/index.php?rest_route=\/wp\/v2\/types\/product"}],"replies":[{"embeddable":true,"href":"https:\/\/parisparis.movilizame.com.ar\/index.php?rest_route=%2Fwp%2Fv2%2Fcomments&post=6926"}],"wp:featuredmedia":[{"embeddable":true,"href":"https:\/\/parisparis.movilizame.com.ar\/index.php?rest_route=\/wp\/v2\/media\/8325"}],"wp:attachment":[{"href":"https:\/\/parisparis.movilizame.com.ar\/index.php?rest_route=%2Fwp%2Fv2%2Fmedia&parent=6926"}],"wp:term":[{"taxonomy":"product_brand","embeddable":true,"href":"https:\/\/parisparis.movilizame.com.ar\/index.php?rest_route=%2Fwp%2Fv2%2Fproduct_brand&post=6926"},{"taxonomy":"product_cat","embeddable":true,"href":"https:\/\/parisparis.movilizame.com.ar\/index.php?rest_route=%2Fwp%2Fv2%2Fproduct_cat&post=6926"},{"taxonomy":"product_tag","embeddable":true,"href":"https:\/\/parisparis.movilizame.com.ar\/index.php?rest_route=%2Fwp%2Fv2%2Fproduct_tag&post=6926"}],"curies":[{"name":"wp","href":"https:\/\/api.w.org\/{rel}","templated":true}]}}