{"id":6920,"date":"2021-09-04T23:22:30","date_gmt":"2021-09-05T02:22:30","guid":{"rendered":"http:\/\/wp-paris-paris.test\/?product=paco-rabanne-phantom-edt-x-100-ml"},"modified":"2026-03-02T12:59:36","modified_gmt":"2026-03-02T15:59:36","slug":"paco-rabanne-phantom-edt-x-100-ml","status":"publish","type":"product","link":"https:\/\/parisparis.movilizame.com.ar\/?product=paco-rabanne-phantom-edt-x-100-ml","title":{"rendered":"PACO RABANNE &#8211; PHANTOM EDT"},"content":{"rendered":"<p>Phantom, la nueva fragancia para hombre de Rabanne.<br \/>\nLa esencia de la confianza en uno mismo, alimentada por la energ\u00eda del sentirse bien.<br \/>\nUna arom\u00e1tica fragancia futurista nacida del encuentro entre la artesan\u00eda de lujo y la tecnolog\u00eda.<br \/>\nFormulada mediante un proceso creativo vanguardista para seleccionar los ingredientes que te hagan sentir energizado, poderosamente seguro y sexy.<br \/>\nUna fragancia audaz con notas de lavanda cremosa y adictiva, lim\u00f3n energizante y vainilla amaderada sensual.<\/p>\n<p>Phantom ha sido formulada de forma responsable: una fragancia de hoy, creada para el ma\u00f1ana.<br \/>\nRadicalmente diferente, totalmente disruptiva: descubr\u00ed nuestro primer frasco conectado. Coloc\u00e1 tu tel\u00e9fono en la parte superior, \u00a1y unite a tu nuevo compa\u00f1ero de aventuras!<\/p>\n<p><strong>Notas de salida:<\/strong>\u00a0Lim\u00f3n y vetiver.<br \/>\n<strong>Notas de coraz\u00f3n:<\/strong>\u00a0Lavanda cremosa.<br \/>\n<strong>Notas de fondo:<\/strong>\u00a0Vainilla amaderada.<\/p>\n","protected":false},"excerpt":{"rendered":"<p>Phantom, la nueva fragancia para hombre de Rabanne. La esencia de la confianza en uno mismo, alimentada por la energ\u00eda&#8230;<\/p>\n","protected":false},"featured_media":7734,"comment_status":"open","ping_status":"closed","template":"","meta":[],"product_brand":[1413],"product_cat":[],"product_tag":[],"class_list":{"0":"post-6920","1":"product","2":"type-product","3":"status-publish","4":"has-post-thumbnail","6":"product_brand-paco-rabanne","8":"first","9":"instock","10":"shipping-taxable","11":"purchasable","12":"product-type-variable"},"_links":{"self":[{"href":"https:\/\/parisparis.movilizame.com.ar\/index.php?rest_route=\/wp\/v2\/product\/6920","targetHints":{"allow":["GET"]}}],"collection":[{"href":"https:\/\/parisparis.movilizame.com.ar\/index.php?rest_route=\/wp\/v2\/product"}],"about":[{"href":"https:\/\/parisparis.movilizame.com.ar\/index.php?rest_route=\/wp\/v2\/types\/product"}],"replies":[{"embeddable":true,"href":"https:\/\/parisparis.movilizame.com.ar\/index.php?rest_route=%2Fwp%2Fv2%2Fcomments&post=6920"}],"wp:featuredmedia":[{"embeddable":true,"href":"https:\/\/parisparis.movilizame.com.ar\/index.php?rest_route=\/wp\/v2\/media\/7734"}],"wp:attachment":[{"href":"https:\/\/parisparis.movilizame.com.ar\/index.php?rest_route=%2Fwp%2Fv2%2Fmedia&parent=6920"}],"wp:term":[{"taxonomy":"product_brand","embeddable":true,"href":"https:\/\/parisparis.movilizame.com.ar\/index.php?rest_route=%2Fwp%2Fv2%2Fproduct_brand&post=6920"},{"taxonomy":"product_cat","embeddable":true,"href":"https:\/\/parisparis.movilizame.com.ar\/index.php?rest_route=%2Fwp%2Fv2%2Fproduct_cat&post=6920"},{"taxonomy":"product_tag","embeddable":true,"href":"https:\/\/parisparis.movilizame.com.ar\/index.php?rest_route=%2Fwp%2Fv2%2Fproduct_tag&post=6920"}],"curies":[{"name":"wp","href":"https:\/\/api.w.org\/{rel}","templated":true}]}}