{"id":6919,"date":"2021-08-18T19:36:29","date_gmt":"2021-08-18T22:36:29","guid":{"rendered":"http:\/\/wp-paris-paris.test\/?product=dolce-gabbana-light-blue-woman-edt-x-200-ml"},"modified":"2025-11-15T10:36:17","modified_gmt":"2025-11-15T13:36:17","slug":"dolce-gabbana-light-blue-woman-edt-x-200-ml","status":"publish","type":"product","link":"https:\/\/parisparis.movilizame.com.ar\/?product=dolce-gabbana-light-blue-woman-edt-x-200-ml","title":{"rendered":"DOLCE GABBANA &#8211; LIGHT BLUE WOMAN EDT"},"content":{"rendered":"<p>La sensualidad de la piel acariciada por el sol, la brisa vigorizante del Mediterr\u00e1neo y los aromas frutales y florales de una exuberante vegetaci\u00f3n: Dolce&amp;Gabbana Light Blue captura la ligereza de un d\u00eda mecido por el sonido de las olas acariciando los acantilados de Capri.<\/p>\n<p>Las frescas y jugosas notas del lim\u00f3n siciliano evocan los aromas caracter\u00edsticos del matorral mediterr\u00e1neo, mientras que un delicado toque de manzana Granny Smith acompa\u00f1a el coraz\u00f3n frutal de la fragancia. Finalmente, la seductora base de madera de cedro aporta al bouquet una estela especialmente duradera.<\/p>\n<p>Elegancia pura en cada detalle: el frasco esmerilado de l\u00edneas sinuosas presenta acabados plateados refinados, mientras que la tapa esmaltada en azul, inspirada en la cer\u00e1mica tradicional de la Costa Amalfitana, est\u00e1 adornada con el ic\u00f3nico monograma DG.<\/p>\n<p>Dolce&amp;Gabbana Light Blue Eau de Toilette: una fragancia fresca y seductora, creada por Olivier Cresp en exclusiva para Dolce&amp;Gabbana.<\/p>\n<p><strong>Notas de salida:<\/strong>\u00a0Lim\u00f3n siciliano, cedro, manzana verde y campanilla azul.<br \/>\n<strong>Notas de coraz\u00f3n:<\/strong>\u00a0Bamb\u00fa, jazm\u00edn y rosa blanca.<br \/>\n<strong>Notas de fondo:<\/strong>\u00a0Madera de cedro, \u00e1mbar y almizcle.<\/p>\n<p>&nbsp;<\/p>\n","protected":false},"excerpt":{"rendered":"<p>La sensualidad de la piel acariciada por el sol, la brisa vigorizante del Mediterr\u00e1neo y los aromas frutales y florales&#8230;<\/p>\n","protected":false},"featured_media":7733,"comment_status":"open","ping_status":"closed","template":"","meta":[],"product_brand":[1470],"product_cat":[],"product_tag":[],"class_list":{"0":"post-6919","1":"product","2":"type-product","3":"status-publish","4":"has-post-thumbnail","6":"product_brand-dolce-gabbana","8":"first","9":"instock","10":"shipping-taxable","11":"purchasable","12":"product-type-variable"},"_links":{"self":[{"href":"https:\/\/parisparis.movilizame.com.ar\/index.php?rest_route=\/wp\/v2\/product\/6919","targetHints":{"allow":["GET"]}}],"collection":[{"href":"https:\/\/parisparis.movilizame.com.ar\/index.php?rest_route=\/wp\/v2\/product"}],"about":[{"href":"https:\/\/parisparis.movilizame.com.ar\/index.php?rest_route=\/wp\/v2\/types\/product"}],"replies":[{"embeddable":true,"href":"https:\/\/parisparis.movilizame.com.ar\/index.php?rest_route=%2Fwp%2Fv2%2Fcomments&post=6919"}],"wp:featuredmedia":[{"embeddable":true,"href":"https:\/\/parisparis.movilizame.com.ar\/index.php?rest_route=\/wp\/v2\/media\/7733"}],"wp:attachment":[{"href":"https:\/\/parisparis.movilizame.com.ar\/index.php?rest_route=%2Fwp%2Fv2%2Fmedia&parent=6919"}],"wp:term":[{"taxonomy":"product_brand","embeddable":true,"href":"https:\/\/parisparis.movilizame.com.ar\/index.php?rest_route=%2Fwp%2Fv2%2Fproduct_brand&post=6919"},{"taxonomy":"product_cat","embeddable":true,"href":"https:\/\/parisparis.movilizame.com.ar\/index.php?rest_route=%2Fwp%2Fv2%2Fproduct_cat&post=6919"},{"taxonomy":"product_tag","embeddable":true,"href":"https:\/\/parisparis.movilizame.com.ar\/index.php?rest_route=%2Fwp%2Fv2%2Fproduct_tag&post=6919"}],"curies":[{"name":"wp","href":"https:\/\/api.w.org\/{rel}","templated":true}]}}