{"id":6912,"date":"2021-05-26T19:47:01","date_gmt":"2021-05-26T22:47:01","guid":{"rendered":"http:\/\/wp-paris-paris.test\/?product=gama-cortadora-de-pelo-personal-clipper-gc-583"},"modified":"2025-11-04T11:15:31","modified_gmt":"2025-11-04T14:15:31","slug":"gama-cortadora-de-pelo-personal-clipper-gc-583","status":"publish","type":"product","link":"https:\/\/parisparis.movilizame.com.ar\/?product=gama-cortadora-de-pelo-personal-clipper-gc-583","title":{"rendered":"GAMA &#8211; Cortadora de Pelo Personal Clipper GC 583"},"content":{"rendered":"<div>\n<h3>Descripci\u00f3n:<\/h3>\n<p>La cortadora de pelo Gama GC 583 tiene un dise\u00f1o ergon\u00f3mico que te permitir\u00e1 realizar cortes de forma m\u00e1s confortable y con mayor precisi\u00f3n. Ideal para cabello, patillas, nuca y ceja.<\/p>\n<h3>Beneficios:<\/h3>\n<p>Gracias a sus cuchillas de acero inoxidable y cer\u00e1mica, que se mantienen afiladas durante mucho tiempo. Podr\u00e1s realizar retoques cortos en la nuca, con 0,8 mm, y los diferentes niveles disponibles y los peines-gu\u00eda te permiten obtener hasta una longitud de 12 mm. En total, incluye 4 peines-gu\u00eda intercambiables: 3 mm, 6 mm, 9 mm y 12 mm. Gracias al cabezal completamente extraible, podr\u00e1s realizar una limpieza a\u00fan m\u00e1s profunda, factor de gran importancia para alargar notablemente la vida de tu m\u00e1quina para cortar el pelo y mejorar las prestaciones de corte. Adem\u00e1s, incluye un kit con tijeras, un peine, un cepillo para su limpieza y un bote de aceite lubricante.<\/p>\n<\/div>\n","protected":false},"excerpt":{"rendered":"<p>Descripci\u00f3n: La cortadora de pelo Gama GC 583 tiene un dise\u00f1o ergon\u00f3mico que te permitir\u00e1 realizar cortes de forma m\u00e1s&#8230;<\/p>\n","protected":false},"featured_media":7728,"comment_status":"open","ping_status":"closed","template":"","meta":[],"product_brand":[1479],"product_cat":[],"product_tag":[],"class_list":{"0":"post-6912","1":"product","2":"type-product","3":"status-publish","4":"has-post-thumbnail","6":"product_brand-gama","8":"first","9":"instock","10":"shipping-taxable","11":"purchasable","12":"product-type-simple"},"_links":{"self":[{"href":"https:\/\/parisparis.movilizame.com.ar\/index.php?rest_route=\/wp\/v2\/product\/6912","targetHints":{"allow":["GET"]}}],"collection":[{"href":"https:\/\/parisparis.movilizame.com.ar\/index.php?rest_route=\/wp\/v2\/product"}],"about":[{"href":"https:\/\/parisparis.movilizame.com.ar\/index.php?rest_route=\/wp\/v2\/types\/product"}],"replies":[{"embeddable":true,"href":"https:\/\/parisparis.movilizame.com.ar\/index.php?rest_route=%2Fwp%2Fv2%2Fcomments&post=6912"}],"wp:featuredmedia":[{"embeddable":true,"href":"https:\/\/parisparis.movilizame.com.ar\/index.php?rest_route=\/wp\/v2\/media\/7728"}],"wp:attachment":[{"href":"https:\/\/parisparis.movilizame.com.ar\/index.php?rest_route=%2Fwp%2Fv2%2Fmedia&parent=6912"}],"wp:term":[{"taxonomy":"product_brand","embeddable":true,"href":"https:\/\/parisparis.movilizame.com.ar\/index.php?rest_route=%2Fwp%2Fv2%2Fproduct_brand&post=6912"},{"taxonomy":"product_cat","embeddable":true,"href":"https:\/\/parisparis.movilizame.com.ar\/index.php?rest_route=%2Fwp%2Fv2%2Fproduct_cat&post=6912"},{"taxonomy":"product_tag","embeddable":true,"href":"https:\/\/parisparis.movilizame.com.ar\/index.php?rest_route=%2Fwp%2Fv2%2Fproduct_tag&post=6912"}],"curies":[{"name":"wp","href":"https:\/\/api.w.org\/{rel}","templated":true}]}}