{"id":6910,"date":"2021-05-26T18:57:19","date_gmt":"2021-05-26T21:57:19","guid":{"rendered":"http:\/\/wp-paris-paris.test\/?product=gama-planchita-de-cabello-bella-tourmaline-red-ion"},"modified":"2025-11-04T11:15:31","modified_gmt":"2025-11-04T14:15:31","slug":"gama-planchita-de-cabello-bella-tourmaline-red-ion","status":"publish","type":"product","link":"https:\/\/parisparis.movilizame.com.ar\/?product=gama-planchita-de-cabello-bella-tourmaline-red-ion","title":{"rendered":"GAMA &#8211; Planchita de Cabello Bella Tourmaline Red Ion"},"content":{"rendered":"<p>Gama presenta su plancha cuenta con un dise\u00f1o ultra slim y patines extra largos, de 25 mm x 120 mm, recubiertos de tourmaline. Su cable giratorio 360\u00ba permite mayor comodidad al manipular el pelo. Sistema auto bivolt, que se adapta en forma autom\u00e1tica al voltaje correspondiente seg\u00fan el pa\u00eds (110-220v). Gracias a su tecnolog\u00eda micro shine que provee pigmentos de brillo extra, la iluminaci\u00f3n de tu cabello se ver\u00e1 potenciada. Mango de f\u00e1cil agarre y posee una traba para mantener cerrada. Dise\u00f1o ultra plano y f\u00e1cil de manejar. Tecnolog\u00eda micro shine, proveyendo pigmentos de brillo extra al cabello, potenciando la iluminaci\u00f3n natural del mismo. Sistema quick heat, en pocos segundos alcanza la temperatura ideal para su uso. Sus patines flotantes generar\u00e1n una perfecta adaptaci\u00f3n a la inclinaci\u00f3n o cualquier giro que requieres con la plancha, ya sea para alisados parejos o rulos definidos. Ideal para cabellos delicados y quebradizos.<\/p>\n<p>\u00bb Velocidad de calentamiento 70 segundos.<br \/>\n\u00bb Temperatura de 230\u00b0C.<br \/>\n\u00bb La tecnolog\u00eda QuickHeat.<br \/>\n\u00bb Auto Bi-Volt.<\/p>\n<p>MEDIDAS:<br \/>\nAncho: 5.5Cm<br \/>\nAlto: 11Cm<br \/>\nProfundidad: 36Cm<\/p>\n<p>DATOS T\u00c9CNICOS:<br \/>\nTama\u00f1o: Est\u00e1ndar.<br \/>\nTurmalina : Si<br \/>\nFunci\u00f3n Ion : Si<br \/>\nTemperatura M\u00e1xima: 230\u00b0C.<br \/>\nLuz Piloto: Si<br \/>\nVoltaje Universal: Si<\/p>\n<p>&nbsp;<\/p>\n","protected":false},"excerpt":{"rendered":"<p>Gama presenta su plancha cuenta con un dise\u00f1o ultra slim y patines extra largos, de 25 mm x 120 mm,&#8230;<\/p>\n","protected":false},"featured_media":7727,"comment_status":"open","ping_status":"closed","template":"","meta":[],"product_brand":[1479],"product_cat":[],"product_tag":[],"class_list":{"0":"post-6910","1":"product","2":"type-product","3":"status-publish","4":"has-post-thumbnail","6":"product_brand-gama","8":"first","9":"instock","10":"shipping-taxable","11":"purchasable","12":"product-type-simple"},"_links":{"self":[{"href":"https:\/\/parisparis.movilizame.com.ar\/index.php?rest_route=\/wp\/v2\/product\/6910","targetHints":{"allow":["GET"]}}],"collection":[{"href":"https:\/\/parisparis.movilizame.com.ar\/index.php?rest_route=\/wp\/v2\/product"}],"about":[{"href":"https:\/\/parisparis.movilizame.com.ar\/index.php?rest_route=\/wp\/v2\/types\/product"}],"replies":[{"embeddable":true,"href":"https:\/\/parisparis.movilizame.com.ar\/index.php?rest_route=%2Fwp%2Fv2%2Fcomments&post=6910"}],"wp:featuredmedia":[{"embeddable":true,"href":"https:\/\/parisparis.movilizame.com.ar\/index.php?rest_route=\/wp\/v2\/media\/7727"}],"wp:attachment":[{"href":"https:\/\/parisparis.movilizame.com.ar\/index.php?rest_route=%2Fwp%2Fv2%2Fmedia&parent=6910"}],"wp:term":[{"taxonomy":"product_brand","embeddable":true,"href":"https:\/\/parisparis.movilizame.com.ar\/index.php?rest_route=%2Fwp%2Fv2%2Fproduct_brand&post=6910"},{"taxonomy":"product_cat","embeddable":true,"href":"https:\/\/parisparis.movilizame.com.ar\/index.php?rest_route=%2Fwp%2Fv2%2Fproduct_cat&post=6910"},{"taxonomy":"product_tag","embeddable":true,"href":"https:\/\/parisparis.movilizame.com.ar\/index.php?rest_route=%2Fwp%2Fv2%2Fproduct_tag&post=6910"}],"curies":[{"name":"wp","href":"https:\/\/api.w.org\/{rel}","templated":true}]}}