{"id":6895,"date":"2021-05-12T15:30:20","date_gmt":"2021-05-12T18:30:20","guid":{"rendered":"http:\/\/wp-paris-paris.test\/?product=colorstay-base-fluida-con-ac-hialuronico"},"modified":"2025-11-04T11:18:59","modified_gmt":"2025-11-04T14:18:59","slug":"colorstay-base-fluida-con-ac-hialuronico","status":"publish","type":"product","link":"https:\/\/parisparis.movilizame.com.ar\/?product=colorstay-base-fluida-con-ac-hialuronico","title":{"rendered":"REVLON &#8211; ColorStay Base Fluida con \u00e1c. hialuronico"},"content":{"rendered":"<p>Base de maquillaje con un acabado prolijo y factor de protecci\u00f3n solar 20. Contiene acido hialuronico. Impecable cobertura natural que dura hasta 24 horas.<\/p>\n<p>F\u00f3rmula que provee una sensaci\u00f3n liviana y c\u00f3moda especialmente creada para una <strong>piel normal o seca<\/strong>. Equilibra la humectaci\u00f3n para un acabado natural que dura todo el d\u00eda.<\/p>\n<p><strong>CONSULTAR TONOS DISPONIBLES<\/strong><\/p>\n","protected":false},"excerpt":{"rendered":"<p>Base de maquillaje con un acabado prolijo y factor de protecci\u00f3n solar 20. Contiene acido hialuronico. Impecable cobertura natural que&#8230;<\/p>\n","protected":false},"featured_media":0,"comment_status":"open","ping_status":"closed","template":"","meta":[],"product_brand":[1428],"product_cat":[],"product_tag":[],"class_list":{"0":"post-6895","1":"product","2":"type-product","3":"status-publish","5":"product_brand-revlon","7":"first","8":"instock","9":"shipping-taxable","10":"purchasable","11":"product-type-simple"},"_links":{"self":[{"href":"https:\/\/parisparis.movilizame.com.ar\/index.php?rest_route=\/wp\/v2\/product\/6895","targetHints":{"allow":["GET"]}}],"collection":[{"href":"https:\/\/parisparis.movilizame.com.ar\/index.php?rest_route=\/wp\/v2\/product"}],"about":[{"href":"https:\/\/parisparis.movilizame.com.ar\/index.php?rest_route=\/wp\/v2\/types\/product"}],"replies":[{"embeddable":true,"href":"https:\/\/parisparis.movilizame.com.ar\/index.php?rest_route=%2Fwp%2Fv2%2Fcomments&post=6895"}],"wp:attachment":[{"href":"https:\/\/parisparis.movilizame.com.ar\/index.php?rest_route=%2Fwp%2Fv2%2Fmedia&parent=6895"}],"wp:term":[{"taxonomy":"product_brand","embeddable":true,"href":"https:\/\/parisparis.movilizame.com.ar\/index.php?rest_route=%2Fwp%2Fv2%2Fproduct_brand&post=6895"},{"taxonomy":"product_cat","embeddable":true,"href":"https:\/\/parisparis.movilizame.com.ar\/index.php?rest_route=%2Fwp%2Fv2%2Fproduct_cat&post=6895"},{"taxonomy":"product_tag","embeddable":true,"href":"https:\/\/parisparis.movilizame.com.ar\/index.php?rest_route=%2Fwp%2Fv2%2Fproduct_tag&post=6895"}],"curies":[{"name":"wp","href":"https:\/\/api.w.org\/{rel}","templated":true}]}}