{"id":6883,"date":"2021-04-24T20:41:50","date_gmt":"2021-04-24T23:41:50","guid":{"rendered":"http:\/\/wp-paris-paris.test\/?product=alejandro-sanz-mi-acorde-el-edt"},"modified":"2025-11-28T10:15:00","modified_gmt":"2025-11-28T13:15:00","slug":"alejandro-sanz-mi-acorde-el-edt","status":"publish","type":"product","link":"https:\/\/parisparis.movilizame.com.ar\/?product=alejandro-sanz-mi-acorde-el-edt","title":{"rendered":"ALEJANDRO SANZ &#8211;  MI ACORDE EL EDT 100 ML"},"content":{"rendered":"<p><strong>Mi Acorde \u00c9l<\/strong> de <strong>Alejandro Sanz<\/strong> es una fragancia de la familia olfativa \u00c1mbar Foug\u00e8re para Hombres. La Nariz detr\u00e1s de esta fragrancia es Lucas Sieuzac. Las Notas de Salida son pi\u00f1a, manzana y cardamomo; las Notas de Coraz\u00f3n son enebro de Virginia y haba tonka; las Notas de Fondo son \u00e1mbar, gamuza y musgo.<\/p>\n","protected":false},"excerpt":{"rendered":"<p>Mi Acorde \u00c9l de Alejandro Sanz es una fragancia de la familia olfativa \u00c1mbar Foug\u00e8re para Hombres. La Nariz detr\u00e1s&#8230;<\/p>\n","protected":false},"featured_media":7705,"comment_status":"open","ping_status":"closed","template":"","meta":[],"product_brand":[1411],"product_cat":[],"product_tag":[],"class_list":{"0":"post-6883","1":"product","2":"type-product","3":"status-publish","4":"has-post-thumbnail","6":"product_brand-alejandro-sanz","8":"first","9":"instock","10":"shipping-taxable","11":"purchasable","12":"product-type-simple"},"_links":{"self":[{"href":"https:\/\/parisparis.movilizame.com.ar\/index.php?rest_route=\/wp\/v2\/product\/6883","targetHints":{"allow":["GET"]}}],"collection":[{"href":"https:\/\/parisparis.movilizame.com.ar\/index.php?rest_route=\/wp\/v2\/product"}],"about":[{"href":"https:\/\/parisparis.movilizame.com.ar\/index.php?rest_route=\/wp\/v2\/types\/product"}],"replies":[{"embeddable":true,"href":"https:\/\/parisparis.movilizame.com.ar\/index.php?rest_route=%2Fwp%2Fv2%2Fcomments&post=6883"}],"wp:featuredmedia":[{"embeddable":true,"href":"https:\/\/parisparis.movilizame.com.ar\/index.php?rest_route=\/wp\/v2\/media\/7705"}],"wp:attachment":[{"href":"https:\/\/parisparis.movilizame.com.ar\/index.php?rest_route=%2Fwp%2Fv2%2Fmedia&parent=6883"}],"wp:term":[{"taxonomy":"product_brand","embeddable":true,"href":"https:\/\/parisparis.movilizame.com.ar\/index.php?rest_route=%2Fwp%2Fv2%2Fproduct_brand&post=6883"},{"taxonomy":"product_cat","embeddable":true,"href":"https:\/\/parisparis.movilizame.com.ar\/index.php?rest_route=%2Fwp%2Fv2%2Fproduct_cat&post=6883"},{"taxonomy":"product_tag","embeddable":true,"href":"https:\/\/parisparis.movilizame.com.ar\/index.php?rest_route=%2Fwp%2Fv2%2Fproduct_tag&post=6883"}],"curies":[{"name":"wp","href":"https:\/\/api.w.org\/{rel}","templated":true}]}}