{"id":6880,"date":"2021-04-16T13:21:06","date_gmt":"2021-04-16T16:21:06","guid":{"rendered":"http:\/\/wp-paris-paris.test\/?product=versace-red-jeans-edt-x-75-ml"},"modified":"2026-03-03T19:06:34","modified_gmt":"2026-03-03T22:06:34","slug":"versace-red-jeans-edt-x-75-ml","status":"publish","type":"product","link":"https:\/\/parisparis.movilizame.com.ar\/?product=versace-red-jeans-edt-x-75-ml","title":{"rendered":"VERSACE &#8211; RED JEANS EDT 75 ML"},"content":{"rendered":"<h3>Dise\u00f1ado para la mujer moderna, joven y despreocupada, Red Jeans de Versace est\u00e1 impregnado de aromas florales y afrutados cl\u00e1sicos que le confieren su atractivo rico y lujoso.<\/h3>\n<h3>La fragancia presenta notas de salida afrutadas de melocot\u00f3n, chabacano, fresia y grosellas negras, notas florales dulces de rosas, violetas, lirio de los valles (muguete)&nbsp;y nen\u00fafar&nbsp; (lirio de agua) en su coraz\u00f3n y ylang ylang.<\/h3>\n<h3>Las&nbsp;notas de fondo profundas de almizcle, s\u00e1ndalo y vainilla.<\/h3>\n<p>&nbsp;<\/p>\n","protected":false},"excerpt":{"rendered":"<p>Dise\u00f1ado para la mujer moderna, joven y despreocupada, Red Jeans de Versace est\u00e1 impregnado de aromas florales y afrutados cl\u00e1sicos&#8230;<\/p>\n","protected":false},"featured_media":7702,"comment_status":"open","ping_status":"closed","template":"","meta":[],"product_brand":[1455],"product_cat":[],"product_tag":[],"class_list":{"0":"post-6880","1":"product","2":"type-product","3":"status-publish","4":"has-post-thumbnail","6":"product_brand-versace","8":"first","9":"instock","10":"shipping-taxable","11":"purchasable","12":"product-type-simple"},"_links":{"self":[{"href":"https:\/\/parisparis.movilizame.com.ar\/index.php?rest_route=\/wp\/v2\/product\/6880","targetHints":{"allow":["GET"]}}],"collection":[{"href":"https:\/\/parisparis.movilizame.com.ar\/index.php?rest_route=\/wp\/v2\/product"}],"about":[{"href":"https:\/\/parisparis.movilizame.com.ar\/index.php?rest_route=\/wp\/v2\/types\/product"}],"replies":[{"embeddable":true,"href":"https:\/\/parisparis.movilizame.com.ar\/index.php?rest_route=%2Fwp%2Fv2%2Fcomments&post=6880"}],"wp:featuredmedia":[{"embeddable":true,"href":"https:\/\/parisparis.movilizame.com.ar\/index.php?rest_route=\/wp\/v2\/media\/7702"}],"wp:attachment":[{"href":"https:\/\/parisparis.movilizame.com.ar\/index.php?rest_route=%2Fwp%2Fv2%2Fmedia&parent=6880"}],"wp:term":[{"taxonomy":"product_brand","embeddable":true,"href":"https:\/\/parisparis.movilizame.com.ar\/index.php?rest_route=%2Fwp%2Fv2%2Fproduct_brand&post=6880"},{"taxonomy":"product_cat","embeddable":true,"href":"https:\/\/parisparis.movilizame.com.ar\/index.php?rest_route=%2Fwp%2Fv2%2Fproduct_cat&post=6880"},{"taxonomy":"product_tag","embeddable":true,"href":"https:\/\/parisparis.movilizame.com.ar\/index.php?rest_route=%2Fwp%2Fv2%2Fproduct_tag&post=6880"}],"curies":[{"name":"wp","href":"https:\/\/api.w.org\/{rel}","templated":true}]}}