{"id":6878,"date":"2021-04-12T13:19:09","date_gmt":"2021-04-12T16:19:09","guid":{"rendered":"http:\/\/wp-paris-paris.test\/?product=dorothy-gray-shampoo-oro-de-argan-bio-regulador"},"modified":"2025-12-09T11:20:17","modified_gmt":"2025-12-09T14:20:17","slug":"dorothy-gray-shampoo-oro-de-argan-bio-regulador","status":"publish","type":"product","link":"https:\/\/parisparis.movilizame.com.ar\/?product=dorothy-gray-shampoo-oro-de-argan-bio-regulador","title":{"rendered":"DOROTHY GRAY &#8211; SHAMPOO ORO DE ARGAN BIO REGULADOR 400 GR"},"content":{"rendered":"<p>Shampoo Hipoalerg\u00e9nico Bio Regulador para Cabellos Mixtos con ORO DE ARGAN Dorothy Gray.<\/p>\n<p>Su f\u00f3rmula Oro de Arg\u00e1n es a base del \u00f3leo extra\u00eddo del fruto del \u00e1rbol de Arg\u00e1n Marroqu\u00ed conocido como Oro L\u00edquido por sus propiedades nutritivas, regeneradoras y suavizantes.<\/p>\n<p>Este tratamiento repara en profundidad el cabello con largos secos y las puntas abiertas. La f\u00f3rmula Oro de Arg\u00e1n devuelve los niveles de hidrataci\u00f3n, humectaci\u00f3n y nutrici\u00f3n que el pelo necesita, un tratamiento formulado para reparar y proteger los largos a puntas. Como posee una textura ligera no provoca oleosidad en la ra\u00edz del cabello, realizando una limpieza profunda.<\/p>\n<p>MODO DE USO:<\/p>\n<p>Aplique el producto sobre el cabello mojado masajeando suavemente por unos minutos y luego enjuague. Repita la operaci\u00f3n para lograr una limpieza m\u00e1s profunda.<\/p>\n<p>Para un mejor resultado posteriormente utilizar el acondicionador Hipoalerg\u00e9nico Bio Regulador para Cabellos Mixtos con ORO DE ARGAN Dorothy Gray<\/p>\n","protected":false},"excerpt":{"rendered":"<p>Shampoo Hipoalerg\u00e9nico Bio Regulador para Cabellos Mixtos con ORO DE ARGAN Dorothy Gray. Su f\u00f3rmula Oro de Arg\u00e1n es a&#8230;<\/p>\n","protected":false},"featured_media":7701,"comment_status":"open","ping_status":"closed","template":"","meta":[],"product_brand":[1433],"product_cat":[],"product_tag":[],"class_list":{"0":"post-6878","1":"product","2":"type-product","3":"status-publish","4":"has-post-thumbnail","6":"product_brand-dorothy-gray","8":"first","9":"instock","10":"shipping-taxable","11":"purchasable","12":"product-type-simple"},"_links":{"self":[{"href":"https:\/\/parisparis.movilizame.com.ar\/index.php?rest_route=\/wp\/v2\/product\/6878","targetHints":{"allow":["GET"]}}],"collection":[{"href":"https:\/\/parisparis.movilizame.com.ar\/index.php?rest_route=\/wp\/v2\/product"}],"about":[{"href":"https:\/\/parisparis.movilizame.com.ar\/index.php?rest_route=\/wp\/v2\/types\/product"}],"replies":[{"embeddable":true,"href":"https:\/\/parisparis.movilizame.com.ar\/index.php?rest_route=%2Fwp%2Fv2%2Fcomments&post=6878"}],"wp:featuredmedia":[{"embeddable":true,"href":"https:\/\/parisparis.movilizame.com.ar\/index.php?rest_route=\/wp\/v2\/media\/7701"}],"wp:attachment":[{"href":"https:\/\/parisparis.movilizame.com.ar\/index.php?rest_route=%2Fwp%2Fv2%2Fmedia&parent=6878"}],"wp:term":[{"taxonomy":"product_brand","embeddable":true,"href":"https:\/\/parisparis.movilizame.com.ar\/index.php?rest_route=%2Fwp%2Fv2%2Fproduct_brand&post=6878"},{"taxonomy":"product_cat","embeddable":true,"href":"https:\/\/parisparis.movilizame.com.ar\/index.php?rest_route=%2Fwp%2Fv2%2Fproduct_cat&post=6878"},{"taxonomy":"product_tag","embeddable":true,"href":"https:\/\/parisparis.movilizame.com.ar\/index.php?rest_route=%2Fwp%2Fv2%2Fproduct_tag&post=6878"}],"curies":[{"name":"wp","href":"https:\/\/api.w.org\/{rel}","templated":true}]}}