{"id":6873,"date":"2021-04-10T20:35:05","date_gmt":"2021-04-10T23:35:05","guid":{"rendered":"http:\/\/wp-paris-paris.test\/?product=dorothy-gray-shampoo-btx-bio-reparador"},"modified":"2025-12-10T11:25:51","modified_gmt":"2025-12-10T14:25:51","slug":"dorothy-gray-shampoo-btx-bio-reparador","status":"publish","type":"product","link":"https:\/\/parisparis.movilizame.com.ar\/?product=dorothy-gray-shampoo-btx-bio-reparador","title":{"rendered":"DOROTHY GRAY &#8211; SHAMPOO BTX BIO REPARADOR 400 GR"},"content":{"rendered":"<p>Shampoo Reparador Dorothy Gray Hipoalergenico Btx.<\/p>\n<p>Shampoo de tratamiento capilar hipoalerg\u00e9nico reparador para cabellos secos y da\u00f1ados. La f\u00f3rmula BTX posee propiedades hidratantes y reconstructivas.<\/p>\n<p>COMPONENTES:<\/p>\n<p>-Complejo BTX: Con \u00e1cido Hialur\u00f3nico, ayuda a restaurar los niveles de hidrataci\u00f3n del cabello rellenando su estructura. Permite que el pelo recupere su textura, brillo y suavidad.<\/p>\n<p>MODO DE USO:<\/p>\n<p>Aplique el producto sobre el cabello mojado masajeando suavemente por unos minutos y luego enjuague. Repita la operaci\u00f3n para lograr una limpieza m\u00e1s profunda.<\/p>\n<p>Para un mejor cuidado del pelo recomendamos posteriormente utilizar el acondicionador BTX Reparador Dorothy Gray Hipoalergenico.<\/p>\n","protected":false},"excerpt":{"rendered":"<p>Shampoo Reparador Dorothy Gray Hipoalergenico Btx. Shampoo de tratamiento capilar hipoalerg\u00e9nico reparador para cabellos secos y da\u00f1ados. La f\u00f3rmula BTX&#8230;<\/p>\n","protected":false},"featured_media":8606,"comment_status":"open","ping_status":"closed","template":"","meta":[],"product_brand":[1433],"product_cat":[],"product_tag":[],"class_list":{"0":"post-6873","1":"product","2":"type-product","3":"status-publish","4":"has-post-thumbnail","6":"product_brand-dorothy-gray","8":"first","9":"instock","10":"shipping-taxable","11":"purchasable","12":"product-type-simple"},"_links":{"self":[{"href":"https:\/\/parisparis.movilizame.com.ar\/index.php?rest_route=\/wp\/v2\/product\/6873","targetHints":{"allow":["GET"]}}],"collection":[{"href":"https:\/\/parisparis.movilizame.com.ar\/index.php?rest_route=\/wp\/v2\/product"}],"about":[{"href":"https:\/\/parisparis.movilizame.com.ar\/index.php?rest_route=\/wp\/v2\/types\/product"}],"replies":[{"embeddable":true,"href":"https:\/\/parisparis.movilizame.com.ar\/index.php?rest_route=%2Fwp%2Fv2%2Fcomments&post=6873"}],"wp:featuredmedia":[{"embeddable":true,"href":"https:\/\/parisparis.movilizame.com.ar\/index.php?rest_route=\/wp\/v2\/media\/8606"}],"wp:attachment":[{"href":"https:\/\/parisparis.movilizame.com.ar\/index.php?rest_route=%2Fwp%2Fv2%2Fmedia&parent=6873"}],"wp:term":[{"taxonomy":"product_brand","embeddable":true,"href":"https:\/\/parisparis.movilizame.com.ar\/index.php?rest_route=%2Fwp%2Fv2%2Fproduct_brand&post=6873"},{"taxonomy":"product_cat","embeddable":true,"href":"https:\/\/parisparis.movilizame.com.ar\/index.php?rest_route=%2Fwp%2Fv2%2Fproduct_cat&post=6873"},{"taxonomy":"product_tag","embeddable":true,"href":"https:\/\/parisparis.movilizame.com.ar\/index.php?rest_route=%2Fwp%2Fv2%2Fproduct_tag&post=6873"}],"curies":[{"name":"wp","href":"https:\/\/api.w.org\/{rel}","templated":true}]}}