{"id":6871,"date":"2021-04-10T14:07:20","date_gmt":"2021-04-10T17:07:20","guid":{"rendered":"http:\/\/wp-paris-paris.test\/?product=claridge-shampoo-control-caida"},"modified":"2025-12-17T18:45:58","modified_gmt":"2025-12-17T21:45:58","slug":"claridge-shampoo-control-caida","status":"publish","type":"product","link":"https:\/\/parisparis.movilizame.com.ar\/?product=claridge-shampoo-control-caida","title":{"rendered":"CLARIDGE &#8211; CONTROL CAIDA SHAMPOO 400 GR"},"content":{"rendered":"<p>&#8220;Shampoo Control Ca\u00edda con ortiga y Vitamina B6, para cabellos con ca\u00edda por quiebre<\/p>\n<p>-Para cabellos d\u00e9biles y con ca\u00edda por quiebre.<br \/>\n-Fortificaci\u00f3n y nutrici\u00f3n.<\/p>\n<p>Claridge desarroll\u00f3 Control Ca\u00edda, una f\u00f3rmula fortificante y restauradora que le devuelve al cabello la fuerza y elasticidad perdida por diferentes factores, a su vez nutre en profundidad la fibra capilar, fortalece los cabellos d\u00e9biles y evita la ca\u00edda del pelo por quiebre.<\/p>\n<p>COMPONENTES:<\/p>\n<p>&#8211;Ortiga: activa la circulaci\u00f3n del cuero cabelludo, nutre el bulbo capilar. Fortalece el cabello por su alto contenido de minerales como el hierro, calcio, magnesio, fosforo, potasio y zinc. Aporta al pelo altas dosis de Vitamina A para regenerarlo. Evita la aparici\u00f3n de caspa y regula la oleosidad. Ayuda al cabello a recomponer su estructura natural.<\/p>\n<p>&#8211;Vitamina B6: contribuye al crecimiento del pelo. Evita que el cabello se debilite y se quiebre. Refuerza la keratina, principal componentes del pelo.<\/p>\n<p>MODO DE USO:<\/p>\n<p>Aplique el producto sobre el cabello mojado masajeando suavemente por unos minutos y luego enjuague. Repita la operaci\u00f3n para lograr una limpieza m\u00e1s profunda.<\/p>\n<p>Para un mejor resultado posteriormente recomendamos utilizar el acondicionador Control Ca\u00edda<\/p>\n","protected":false},"excerpt":{"rendered":"<p>&#8220;Shampoo Control Ca\u00edda con ortiga y Vitamina B6, para cabellos con ca\u00edda por quiebre -Para cabellos d\u00e9biles y con ca\u00edda&#8230;<\/p>\n","protected":false},"featured_media":7698,"comment_status":"open","ping_status":"closed","template":"","meta":[],"product_brand":[1427],"product_cat":[1379],"product_tag":[],"class_list":{"0":"post-6871","1":"product","2":"type-product","3":"status-publish","4":"has-post-thumbnail","6":"product_brand-claridge","7":"product_cat-capilar","9":"first","10":"instock","11":"shipping-taxable","12":"purchasable","13":"product-type-simple"},"_links":{"self":[{"href":"https:\/\/parisparis.movilizame.com.ar\/index.php?rest_route=\/wp\/v2\/product\/6871","targetHints":{"allow":["GET"]}}],"collection":[{"href":"https:\/\/parisparis.movilizame.com.ar\/index.php?rest_route=\/wp\/v2\/product"}],"about":[{"href":"https:\/\/parisparis.movilizame.com.ar\/index.php?rest_route=\/wp\/v2\/types\/product"}],"replies":[{"embeddable":true,"href":"https:\/\/parisparis.movilizame.com.ar\/index.php?rest_route=%2Fwp%2Fv2%2Fcomments&post=6871"}],"wp:featuredmedia":[{"embeddable":true,"href":"https:\/\/parisparis.movilizame.com.ar\/index.php?rest_route=\/wp\/v2\/media\/7698"}],"wp:attachment":[{"href":"https:\/\/parisparis.movilizame.com.ar\/index.php?rest_route=%2Fwp%2Fv2%2Fmedia&parent=6871"}],"wp:term":[{"taxonomy":"product_brand","embeddable":true,"href":"https:\/\/parisparis.movilizame.com.ar\/index.php?rest_route=%2Fwp%2Fv2%2Fproduct_brand&post=6871"},{"taxonomy":"product_cat","embeddable":true,"href":"https:\/\/parisparis.movilizame.com.ar\/index.php?rest_route=%2Fwp%2Fv2%2Fproduct_cat&post=6871"},{"taxonomy":"product_tag","embeddable":true,"href":"https:\/\/parisparis.movilizame.com.ar\/index.php?rest_route=%2Fwp%2Fv2%2Fproduct_tag&post=6871"}],"curies":[{"name":"wp","href":"https:\/\/api.w.org\/{rel}","templated":true}]}}